{"id":6302,"date":"2021-03-04T09:52:06","date_gmt":"2021-03-04T08:52:06","guid":{"rendered":"https:\/\/dopak.pl\/ausbildungsordnung\/"},"modified":"2022-06-13T22:38:54","modified_gmt":"2022-06-13T20:38:54","slug":"ausbildungsordnung","status":"publish","type":"page","link":"https:\/\/dopak.pl\/de\/ausbildungsordnung\/","title":{"rendered":"Ausbildungsordnung"},"content":{"rendered":"<p><div class=\"fusion-fullwidth fullwidth-box fusion-builder-row-1 fusion-flex-container fusion-parallax-none hundred-percent-fullwidth non-hundred-percent-height-scrolling\" style=\"background-color: #939393;background-image: url(&quot;https:\/\/dopak.pl\/wp-content\/uploads\/2022\/01\/2048x700-o-nas-1.jpg&quot;);background-position: center center;background-repeat: no-repeat;background-blend-mode: screen;border-width: 0 0 0 0;border-color:#ffffff;border-style:solid;-webkit-background-size:cover;-moz-background-size:cover;-o-background-size:cover;background-size:cover;\" ><div class=\"fusion-builder-row fusion-row fusion-flex-align-items-flex-start fusion-flex-align-content-center\" style=\"width:104% !important;max-width:104% !important;margin-left: calc(-4% \/ 2 );margin-right: calc(-4% \/ 2 );\"><div class=\"fusion-layout-column fusion_builder_column fusion-builder-column-0 fusion_builder_column_1_1 1_1 fusion-flex-column\"><div class=\"fusion-column-wrapper fusion-flex-justify-content-flex-start fusion-content-layout-column\" style=\"background-position:left top;background-repeat:no-repeat;-webkit-background-size:cover;-moz-background-size:cover;-o-background-size:cover;background-size:cover;padding: 0px 0px 0px 0px;\"><style type=\"text\/css\">@media only screen and (max-width:800px) {.fusion-title.fusion-title-1{margin-top:0px!important; margin-right:0px!important;margin-bottom:5px!important;margin-left:0px!important;}}@media only screen and (max-width:640px) {.fusion-title.fusion-title-1{margin-top:0px!important; margin-right:0px!important;margin-bottom:20px!important; margin-left:0px!important;}}<\/style><div class=\"fusion-title title fusion-title-1 fusion-sep-none fusion-title-center fusion-title-text fusion-title-size-two\" style=\"margin-top:0px;margin-right:0px;margin-bottom:5px;margin-left:0px;\"><h2 class=\"title-heading-center fusion-responsive-typography-calculated\" style=\"margin:0;--fontSize:48;line-height:1.25;\">Ausbildungsordnung<\/h2><\/div><style type=\"text\/css\">.fusion-breadcrumbs.fusion-breadcrumbs-1{font-size:14px;}.fusion-breadcrumbs.fusion-breadcrumbs-1 span a:hover{color:#1a80b6 !important;}.fusion-breadcrumbs.fusion-breadcrumbs-1{color:#000000;}.fusion-breadcrumbs.fusion-breadcrumbs-1 a{color:#000000;}<\/style><div class=\"fusion-breadcrumbs fusion-breadcrumbs-1\" style=\"margin-top:15px;text-align:center;\"><span><span><a href=\"https:\/\/dopak.pl\/de\/dopak-sp-z-o-o\/\">Dopak Sp. z o.o.<\/a><\/span><\/span><\/div><\/div><style type=\"text\/css\">.fusion-body .fusion-builder-column-0{width:100% !important;margin-top : 0px;margin-bottom : 20px;}.fusion-builder-column-0 > .fusion-column-wrapper {padding-top : 0px !important;padding-right : 0px !important;margin-right : 1.92%;padding-bottom : 0px !important;padding-left : 0px !important;margin-left : 1.92%;}@media only screen and (max-width:800px) {.fusion-body .fusion-builder-column-0{width:100% !important;order : 0;}.fusion-builder-column-0 > .fusion-column-wrapper {margin-right : 1.92%;margin-left : 1.92%;}}@media only screen and (max-width:640px) {.fusion-body .fusion-builder-column-0{width:100% !important;order : 0;}.fusion-builder-column-0 > .fusion-column-wrapper {margin-right : 1.92%;margin-left : 1.92%;}}<\/style><\/div><\/div><style type=\"text\/css\">.fusion-body .fusion-flex-container.fusion-builder-row-1{ padding-top : 120px;margin-top : 0px;padding-right : 0px;padding-bottom : 0px;margin-bottom : 0px;padding-left : 0px;min-height:345px;}<\/style><\/div><div class=\"fusion-fullwidth fullwidth-box fusion-builder-row-2 fusion-flex-container nonhundred-percent-fullwidth non-hundred-percent-height-scrolling\" style=\"background-color: rgba(255,255,255,0);background-position: center center;background-repeat: no-repeat;border-width: 0px 0px 0px 0px;border-color:#eae9e9;border-style:solid;\" ><div class=\"fusion-builder-row fusion-row fusion-flex-align-items-flex-start\" style=\"max-width:1216.8px;margin-left: calc(-4% \/ 2 );margin-right: calc(-4% \/ 2 );\"><div class=\"fusion-layout-column fusion_builder_column fusion-builder-column-1 fusion_builder_column_1_1 1_1 fusion-flex-column\"><div class=\"fusion-column-wrapper fusion-flex-justify-content-flex-start fusion-content-layout-column\" style=\"background-position:left top;background-repeat:no-repeat;-webkit-background-size:cover;-moz-background-size:cover;-o-background-size:cover;background-size:cover;padding: 0px 0px 0px 0px;\"><div class=\"fusion-text fusion-text-1\"><p>&#13;<\/p>\n<div class=\"wpb_text_column wpb_content_element \">&#13;<\/p>\n<div class=\"wpb_wrapper\">&#13;<\/p>\n<p style=\"text-align: center;\"><strong>REGULAMIN SZKOLENIA<\/strong><\/p>\n<p>&#13;<\/p>\n<p style=\"text-align: center;\">\u00a7 1<br\/><strong>ORGANIZATOR<\/strong><\/p>\n<p>&#13;<\/p>\n<p style=\"text-align: left;\"><br\/>1. Organizatorem szkolenia jest \u201eDOPAK\u201d Sp. z o.o. z siedzib\u0105 we Wroc\u0142awiu, przy ul. Sokalskiej 2, 54-614 Wroc\u0142aw, wpisana do Rejestru Przedsi\u0119biorc\u00f3w prowadzonego przez S\u0105d Rejonowy dla Wroc\u0142awia \u2013 Fabrycznej we Wroc\u0142awiu, VI Wydzia\u0142 Gospodarczy Krajowego Rejestru S\u0105dowego pod numerem KRS: 0000153515, NIP: 8961016874, REGON: 930934100, o kapitale zak\u0142adowym 69.500,00 z\u0142.<br\/>2. Szkolenia odbywaj\u0105 si\u0119 w Centrum Badawczo Rozwojowym \u201eDOPAK\u201d Sp. z o.o. we Wroc\u0142awiu przy ul. Eugeniusza Kwiatkowskiego 5a, 52-407 Wroc\u0142aw.<\/p>\n<p>&#13;<\/p>\n<p style=\"text-align: center;\">\u00a7 2<br\/><strong>SZKOLENIA<\/strong><\/p>\n<p>&#13;<\/p>\n<p style=\"text-align: left;\"><br\/>1. Niniejszy Regulamin okre\u015bla zasady zg\u0142oszenia przez Zainteresowanych i uczestniczenia w szkoleniach odbywaj\u0105cych si\u0119 w Centrum Badawczo-Rozwojowym \u201eDOPAK\u201d Sp. z o.o.<br\/>2. Udzia\u0142 w szkoleniu wymaga akceptacji Regulaminu szkolenia oraz przestrzegania przepis\u00f3w Regulaminu szkolenia.<br\/>3. Zg\u0142oszenie przez Zainteresowanego ch\u0119ci uczestniczenia w szkoleniu organizowanym przez \u201eDOPAK\u201d Sp. z o.o. wi\u0105\u017ce si\u0119 z akceptacj\u0105 przez Zainteresowanego postanowie\u0144 niniejszego Regulaminu.<\/p>\n<p>&#13;<\/p>\n<p style=\"text-align: center;\">\u00a7 3<br\/><strong>ZG\u0141OSZENIE UCZESTNICTWA<\/strong><\/p>\n<p>&#13;<\/p>\n<p><br\/>1. Informacje o szkoleniach organizowanych przez \u201eDOPAK\u201d Sp. z o.o. przekazywane b\u0119d\u0105:<br\/>\u00a0 \u00a0 1) na stronie internetowej https:\/\/dopak.pl\/szkolenia\/, oraz<br\/>\u00a0 \u00a0 2) poprzez dzia\u0142ania promocyjno-sprzeda\u017cowego (w szczeg\u00f3lno\u015bci: mailingi, ulotki, etc.).<\/p>\n<p>&#13;<\/p>\n<p>2. Warunkami udzia\u0142u w szkoleniach organizowanym przez \u201eDOPAK\u201d Sp. z o.o. s\u0105:<br\/>\u00a0 \u00a0 1) dost\u0119pno\u015b\u0107 wolnych miejsc w danym szkoleniu,<br\/>\u00a0 \u00a0 2) wype\u0142nienie przez Zainteresowanego \u201eKarty zg\u0142oszenia\u201d dost\u0119pnej na stronie internetowej https:\/\/dopak.pl\/szkolenia\/, oraz<\/p>\n<p>&#13;<\/p>\n<p>\u00a0 \u00a0 3) dokonanie przez Zainteresowanego:<\/p>\n<p>&#13;\n<\/p><\/div>\n<p>&#13;\n<\/p><\/div>\n<p>&#13;<\/p>\n<p>\u00a0 \u00a0 \u00a0 \u00a0 \u00a0a) zg\u0142oszenia za po\u015brednictwem adresu e-mailowego: szkolenia@dopak.pl, lub<br\/>\u00a0 \u00a0 \u00a0 \u00a0 \u00a0b) zg\u0142oszenia telefonicznego pod numerem telefonu: +48 71 358 40 26.<br\/>3. O przyj\u0119ciu na szkolenie decyduje kolejno\u015b\u0107 zg\u0142osze\u0144.<br\/>4. Organizator szkolenia prze\u015ble Zainteresowanemu, najp\u00f3\u017aniej na 7 dni przed planowan\u0105 dat\u0105 szkolenia, potwierdzenie przyj\u0119cia zg\u0142oszenia. Potwierdzenie przyj\u0119cia zg\u0142oszenia zostanie przes\u0142ane Zainteresowanemu przez Organizatora szkolenia na podany przez Zainteresowanego podczas zg\u0142oszenia adres e-mailowy.<br\/>5. Organizator szkolenia zastrzega sobie prawo do odmowy przyj\u0119cia zg\u0142oszenia Zainteresowanego, w przypadku:<br\/>\u00a0 \u00a0 \u00a01) gdy lista uczestnik\u00f3w danego szkolenia w wyznaczonym terminie zostanie uprzednio zamkni\u0119ta, albo<br\/>\u00a0 \u00a0 \u00a02) niezg\u0142oszenia si\u0119 do szkolenia minimalnej liczby zainteresowanych, kt\u00f3r\u0105 przewidzia\u0142 Organizator dla danego szkolenia.<\/p>\n<p>&#13;<\/p>\n<p style=\"text-align: center;\">\u00a7 4<br\/><strong>CENY SZKOLE\u0143 I WARUNKI P\u0141ATNO\u015aCI<\/strong><\/p>\n<p>&#13;<\/p>\n<p><br\/>1. Informacja o szkoleniu organizowanym przez \u201eDOPAK\u201d Sp. z o.o. b\u0119dzie zawiera\u0142a cen\u0119 danego szkolenia.<br\/>2. Cena szkolenia, o kt\u00f3rej mowa w \u00a74 ust. 1 Regulaminu obejmuje:<br\/>\u00a0 \u00a0 1) udzia\u0142 Uczestnika w szkoleniu,<br\/>\u00a0 \u00a0 2) wynagrodzenie prowadz\u0105cych,<br\/>\u00a0 \u00a0 3) dost\u0119p Uczestnika szkolenia do materia\u0142\u00f3w dydaktycznych w formie papierowej,<br\/>\u00a0 \u00a0 4) przerwy kawowe oraz posi\u0142ek,<br\/>\u00a0 \u00a0 5) przygotowanie maszyn do zaj\u0119\u0107 praktycznych,<br\/>\u00a0 \u00a0 6) wydanie certyfikatu uko\u0144czenia szkolenia,<br\/>\u00a0 \u00a0 7) konsultacje poszkoleniowe w terminie 1 miesi\u0105ca od uko\u0144czenia szkolenia<br\/>3. Cena szkolenia, o kt\u00f3rej mowa w \u00a74 ust. 1 Regulaminu b\u0119dzie podawana w polskich z\u0142otych.<br\/>4. Cena szkolenia, o kt\u00f3rej mowa w \u00a74 ust. 1 Regulaminu nie obejmuje:<br\/>\u00a0 \u00a0 \u00a01) dojazdu Uczestnika na szkolenie,<br\/>\u00a0 \u00a0 \u00a02) koszt\u00f3w zakwaterowania Uczestnika szkolenia.<\/p>\n<p>&#13;<\/p>\n<p>5. Zainteresowany wyra\u017ca zgod\u0119 na przesy\u0142anie przez Organizatora szkolenia faktur na podany przez Zainteresowanego podczas zg\u0142oszenia adres e-mailowy.<br\/>6. Wraz z potwierdzeniem przyj\u0119cia zg\u0142oszenia, Organizator szkolenia prze\u015ble Zainteresowanemu, na podany przez Zainteresowanego podczas zg\u0142oszenia adres e-mailowy, faktur\u0119 VAT na kwot\u0119 odpowiadaj\u0105c\u0105 cenie danego szkolenia.<br\/>7. Termin zap\u0142aty faktury wynosi 7 (siedem) dni kalendarzowych, licz\u0105c od dnia przes\u0142ania faktury Zainteresowanemu.<br\/>8. Zap\u0142ata przez Zainteresowanego wystawionej przez Organizatora szkolenia faktury VAT nast\u0105pi przelewem, na rachunek bankowy \u201eDOPAK\u201d Sp. z o.o. Santander Bank Polska SA57 1090 2473 0000 0006 2402 0902, kt\u00f3ry zosta\u0142 ujawniony na bia\u0142ej li\u015bcie VAT. W tytule przelewu Zainteresowany jest zobowi\u0105zany wpisa\u0107:<br\/>\u00a0 \u00a01) imi\u0119 i nazwisko Uczestnika szkolenia, oraz<br\/>\u00a0 \u00a02) numer faktury.<\/p>\n<p>&#13;<\/p>\n<p style=\"text-align: center;\"><br\/>\u00a7 5<br\/><strong>REZYGNACJA Z UCZESTNICTWA W SZKOLENIU<\/strong><\/p>\n<p>&#13;<\/p>\n<p><br\/>1. Zainteresowany mo\u017ce zrezygnowa\u0107 z udzia\u0142u w szkoleniu organizowanym przez \u201eDOPAK\u201d Sp. z o.o., z uwzgl\u0119dnieniem postanowie\u0144 \u00a75 ust. 2 &#8211; \u00a75 ust. 7 Umowy.<br\/>2. Zainteresowany powinien zg\u0142osi\u0107 rezygnacj\u0119 z udzia\u0142u w szkoleniu organizowanym przez \u201eDOPAK\u201d Sp. z o.o. za po\u015brednictwem poczty elektronicznej na adres e-mail: szkolenia@dopak.pl.<br\/>3. W przypadku otrzymania przez Organizatora szkolenia o\u015bwiadczenia Zainteresowanego o rezygnacji ze szkolenia nie p\u00f3\u017aniej ni\u017c na 15 (pi\u0119tna\u015bcie) dni roboczych przed dat\u0105 rozpocz\u0119cia szkolenia, Zainteresowanemu przys\u0142uguje zwrot wp\u0142aconej przez Zainteresowanego ceny, o kt\u00f3rej mowa w \u00a74 Umowy, w pe\u0142nej wysoko\u015bci.<br\/>4. W przypadku otrzymania przez Organizatora szkolenia o\u015bwiadczenia Zainteresowanego o rezygnacji ze szkolenia p\u00f3\u017aniej ni\u017c na 15 (pi\u0119tna\u015bcie) dni roboczych przed dat\u0105 rozpocz\u0119cia szkolenia i nie p\u00f3\u017aniej ni\u017c na 7 (siedem) dni roboczych przed dat\u0105 rozpocz\u0119cia szkolenia, Zainteresowanemu przys\u0142uguje zwrot wp\u0142aconej przez Zainteresowanego ceny, o kt\u00f3rej mowa w \u00a74 Umowy, w wysoko\u015bci 50% zap\u0142aconej ceny. Pozosta\u0142e 50% ceny nale\u017cne b\u0119dzie Organizatorowi szkolenia tytu\u0142em organizacji szkolenia i nie b\u0119dzie podlega\u0142o zwrotowi na rzecz Zainteresowanego.<\/p>\n<p>&#13;<\/p>\n<p>5. W przypadku otrzymania przez Organizatora szkolenia o\u015bwiadczenia Zainteresowanego o rezygnacji ze szkolenia p\u00f3\u017aniej ni\u017c na 7 (siedem) dni roboczych przed dat\u0105 rozpocz\u0119cia szkolenia, Zainteresowanemu nie przys\u0142uguje zwrot wp\u0142aconej przez Zainteresowanego ceny, o kt\u00f3rej mowa w \u00a74 Umowy. W takim przypadku 100% ceny nale\u017cne b\u0119dzie Organizatorowi szkolenia tytu\u0142em organizacji szkolenia i nie b\u0119dzie podlega\u0142o zwrotowi na<br\/>rzecz Zainteresowanego.<br\/>6. W przypadkach, o kt\u00f3rych mowa w \u00a75 ust. 3 i w \u00a75 ust. 4 Regulaminu, zwrot ceny nast\u0105pi na rachunek bankowy Zainteresowanego, z kt\u00f3rego dokonany zosta\u0142 przez Zainteresowanego przelew, w terminie 14 (czternastu) dni kalendarzowych, licz\u0105c od dnia otrzymania przez Organizatora szkolenia o\u015bwiadczenia Zainteresowanego o rezygnacji ze szkolenia.<br\/>7. W przypadku, gdy podmiot trzeci zg\u0142asza Zainteresowanego do udzia\u0142u w organizowanym przez \u201eDOPAK\u201d Sp. z o.o. szkoleniu, a Zainteresowany nie b\u0119dzie m\u00f3g\u0142 uczestniczy\u0107 w danym szkoleniu, podmiot trzeci jest uprawniony do zast\u0105pienia Zainteresowanego innym Zainteresowanym. W takim przypadku \u00a75 ust. 3, \u00a75 ust. 4 i \u00a75 ust. 5 Regulaminu nie maj\u0105 zastosowania. O powy\u017cszej zmianie osoby Zainteresowanej, podmiot trzeci jest zobowi\u0105zany powiadomi\u0107 Organizatora szkolenia w formie elektronicznej na adres e-mailowy Organizatora szkolenia: szkolenia@dopak.pl.<br\/>8. Zap\u0142ata ceny za udzia\u0142 w szkoleniu nast\u0119puje na podstawie faktury wystawionej przez Organizatora w terminie nie p\u00f3\u017aniej ni\u017c 3 dni robocze przed rozpocz\u0119ciem szkolenia. Brak zap\u0142aty za faktur\u0119 oznacza, \u017ce uczestnik szkolenia nie mo\u017ce wzi\u0105\u0107 w nim udzia\u0142u.<\/p>\n<p>&#13;<\/p>\n<p style=\"text-align: center;\">\u00a7 6<br\/><strong>ZMIANY PROGRAMU SZKOLENIA<\/strong><\/p>\n<p>&#13;<\/p>\n<p><br\/>1. Organizator szkolenia zastrzega sobie prawo do zmiany terminu szkolenia lub jego odwo\u0142ania.<br\/>2. W przypadku zmiany terminu szkolenia lub jego odwo\u0142ania Organizator szkolenia powiadomi o tym Zainteresowanego telefonicznie lub na podany przez Zainteresowanego podczas zg\u0142oszenia adres e-mailowy.<br\/>3. W przypadku odwo\u0142ania szkolenia przez Organizatora, Organizator szkolenia \u2013 zgodnie z informacj\u0105 uzyskan\u0105 od Zainteresowanego:<br\/>\u00a0 \u00a0 \u00a01) zwr\u00f3ci Zainteresowanemu wp\u0142acon\u0105 przez niego cen\u0119, o kt\u00f3rej mowa w \u00a74 Umowy, w pe\u0142nej wysoko\u015bci, na rachunek bankowy Zainteresowanego, z kt\u00f3rego dokonany zosta\u0142 przez Zainteresowanego przelew, w terminie 14 (czternastu) dni kalendarzowych, licz\u0105c od dnia poinformowania Zainteresowanego przez Organizatora szkolenia o rezygnacji ze szkolenia, albo<br\/>\u00a0 \u00a0 2) zaproponuje udzia\u0142 w szkoleniu o identycznej lub podobnej tematyce, w innym<br\/>terminie.<br\/>4. Organizator szkolenia zastrzega sobie prawo do zmiany ceny szkolenia lub modyfikacji programu szkolenia. W tym przypadku, Organizator szkolenia poinformuje Zainteresowanego telefonicznie lub na podany przez Zainteresowanego podczas zg\u0142oszenia adres e-mailowy, o nowej cenie szkolenia lub o nowym programie szkolenia, co najmniej na 14 (czterna\u015bcie) dni roboczych przed terminem szkolenia. Zainteresowany mo\u017ce nie wyrazi\u0107 zgody na now\u0105 cen\u0119 szkolenia lub na nowy program szkolenia, i zg\u0142osi\u0107 rezygnacj\u0119 z szkolenia. W takim przypadku lub na podany przez Zainteresowanego podczas zg\u0142oszenia<br\/>adres e-mailowy W takim wypadku Zainteresowanemu przys\u0142uguje zwrot wp\u0142aconej przez Zainteresowanego ceny, o kt\u00f3rej mowa w \u00a74 Umowy, w pe\u0142nej wysoko\u015bci. Zwrot ceny nast\u0105pi na rachunek bankowy Zainteresowanego, z kt\u00f3rego dokonany zosta\u0142 przez Zainteresowanego przelew, w terminie 14 (czternastu) dni kalendarzowych, licz\u0105c od dnia otrzymania przez Organizatora szkolenia o\u015bwiadczenia Zainteresowanego o rezygnacji ze szkolenia.<br\/>5. W sytuacjach nadzwyczajnych (w szczeg\u00f3lno\u015bci w przypadku niezdolno\u015bci do pracy osoby prowadz\u0105cej szkolenie, czy wypadku komunikacyjnego) Organizator szkolenia zastrzega sobie prawo dokonania zmiany osoby prowadz\u0105cej szkolenie, o czym poinformuje Uczestnika szkolenia przed rozpocz\u0119ciem szkolenia. Nie wp\u0142ywa to jednak to spos\u00f3b i form\u0119 przeprowadzenia szkolenia.<\/p>\n<p>&#13;<\/p>\n<p style=\"text-align: center;\">\u00a7 7<br\/><strong>REKLAMACJE<\/strong><\/p>\n<p>&#13;<\/p>\n<p><br\/>1. Uczestnik szkolenia jest uprawniony do zg\u0142oszenia Organizatorowi szkolenia reklamacji co do sposobu i formy przeprowadzenia szkolenia, na zasadach okre\u015blonych w \u00a77 ust. 2 &#8211; \u00a77 ust. 5 Regulaminu.<br\/>2. Uczestnik szkolenia mo\u017ce zg\u0142osi\u0107 Organizatorowi szkolenia reklamacj\u0119 co do sposobu i formy przeprowadzenia szkolenia sk\u0142adaj\u0105c o\u015bwiadczenie o reklamacji:<br\/>\u00a0 \u00a0 1) w formie e-mailowej, na adres: szkolenia@dopak.pl, na adres e-mailowy &#8211; w terminie 5 (pi\u0119ciu) dni kalendarzowych, licz\u0105c od dnia zako\u0144czenia szkolenia,<\/p>\n<p>&#13;<\/p>\n<p>2) w formie pisemnej, na adres: \u201eDOPAK\u201d Sp. z o.o. ul. Kwiatkowskiego 5a, 52-407 Wroc\u0142aw &#8211; w terminie 5 (pi\u0119ciu) dni kalendarzowych, licz\u0105c od dnia zako\u0144czenia szkolenia. Zg\u0142oszenie przez Uczestnika szkolenia reklamacji po up\u0142ywie termin\u00f3w przewidzianych w zdaniu poprzednim skutkuje tym, \u017ce taka reklamacja nie b\u0119dzie rozpatrywana przez Organizatora szkolenia.<br\/>3. Sk\u0142adaj\u0105c reklamacj\u0119, Uczestnik szkolenia zobowi\u0105zany jest przes\u0142a\u0107 Organizatorowi szkolenia pismo reklamacyjne, zawieraj\u0105ce w szczeg\u00f3lno\u015bci:<br\/>\u00a0 \u00a0 \u00a01) Dane Uczestnika szkolenia (imi\u0119 i nazwisko, adres, oraz e-mail),<br\/>\u00a0 \u00a0 \u00a02) roszczenie reklamacyjne,<br\/>\u00a0 \u00a0 3) przyczyny zg\u0142oszenia reklamacji.<br\/>4. W przypadku zg\u0142oszenia przez Uczestnika szkolenia reklamacji w terminie okre\u015blonym w \u00a77 ust. 2 Regulaminu, Organizator szkolenia zobowi\u0105zuje si\u0119 do rozpoznania, rozpatrzenia i udzielenia odpowiedzi na zg\u0142oszon\u0105 przez Uczestnika szkolenia reklamacj\u0119 w terminie 14 dni roboczych, licz\u0105c od dnia otrzymania reklamacji Uczestnika szkolenia.<br\/>5. W przypadku uznania reklamacji przez Organizatora szkolenia, Organizator szkolenia zobowi\u0105zuje si\u0119 ustali\u0107 w porozumieniu z Uczestnikiem szkolenia odpowiedni\u0105 form\u0119 rekompensaty.<\/p>\n<p>&#13;<\/p>\n<p style=\"text-align: center;\"><br\/><strong>\u00a7 8<\/strong><br\/><strong>OCHRONA DANYCH OSOBOWYCH<\/strong><\/p>\n<p>&#13;<\/p>\n<p><br\/>1. Organizator szkolenia jest administratorem bazy danych osobowych przekazywanych przez zainteresowanych.<br\/>2. Organizator szkolenia udost\u0119pni\u0142 w Polityce Prywatno\u015bci na stronie internetowej<br\/>https:\/\/dopak.pl\/polityka-prywatnosci\/ zasady przetwarzania danych osobowych<br\/>zainteresowanych i uczestnik\u00f3w szkolenia.<\/p>\n<p>&#13;<\/p>\n<p style=\"text-align: center;\"><br\/><strong>\u00a7 9<\/strong><br\/><strong>PRAWA AUTORSKIE<\/strong><\/p>\n<p>&#13;<\/p>\n<p><br\/>1. Oferta szkoleniowa \u201eDOPAK\u201d Sp. z o.o. obj\u0119ta niniejszym Regulaminem chroniona jest prawami autorskimi.<\/p>\n<p>&#13;<\/p>\n<p>2. Kopiowanie materia\u0142\u00f3w szkoleniowych lub nagrywanie szkole\u0144, a tak\u017ce udost\u0119pnianie takich materia\u0142\u00f3w i nagra\u0144 osobom trzecim wymaga zgody Organizatora, pod rygorem odpowiedzialno\u015bci prawnej.<\/p>\n<p>&#13;<\/p>\n<p style=\"text-align: center;\"><br\/>\u00a7 10<br\/><strong>ZAKRES ODPOWIEDZIALNO\u015aCI<\/strong><\/p>\n<p>&#13;<\/p>\n<p><br\/>1. Organizator szkolenia o\u015bwiadcza, \u017ce tre\u015bci przekazane przez niego w trakcie szkolenia maj\u0105 charakter wy\u0142\u0105cznie edukacyjny.<br\/>2. Organizator szkolenia nie ponosi odpowiedzialno\u015bci za ewentualne szkody powsta\u0142e z winy Uczestnik\u00f3w szkolenia lub os\u00f3b trzecich, w zwi\u0105zku lub na skutek wykorzystania przez te osoby, w spos\u00f3b niezgodny z przeznaczeniem, informacji, wiedzy lub umiej\u0119tno\u015bci zdobytych w trakcie szkolenia.<\/p>\n<p>&#13;<\/p>\n<p style=\"text-align: center;\"><br\/>\u00a7 11<br\/><strong>OBOWI\u0104ZYWANIE I ZMIANY REGULAMINU<\/strong><\/p>\n<p>&#13;<\/p>\n<p><br\/>1. Niniejszy Regulamin obowi\u0105zuje od dnia 01.03.2022r.<br\/>2. Zmiana Regulaminu nie ma wp\u0142ywu na warunki sprzeda\u017cy oferowanych us\u0142ug oraz warunki akcji promocyjnych dotycz\u0105cych zg\u0142osze\u0144 przes\u0142anych przed dat\u0105 wej\u015bcia w \u017cycie takiej zmiany.<br\/>3. Zmiany Regulaminu wchodz\u0105 w \u017cycie w terminie wskazanym przez Organizatora szkolenia i b\u0119d\u0105 podane na stronie internetowej https:\/\/dopak.pl\/szkolenia\/.<\/p>\n<p>&#13;<\/p>\n<p style=\"text-align: center;\"><strong>\u00a7 12<\/strong><br\/><strong>POSTANOWIENIA KO\u0143COWE<\/strong><\/p>\n<p>&#13;<\/p>\n<p><br\/>W sprawach nieuregulowanych postanowieniami niniejszego Regulaminu szkolenia zastosowanie maj\u0105 przepisy prawa powszechnie obowi\u0105zuj\u0105cego w Polsce.<\/p>\n<p>&#13;<\/p>\n<\/div><\/div><style type=\"text\/css\">.fusion-body .fusion-builder-column-1{width:100% !important;margin-top : 0px;margin-bottom : 0px;}.fusion-builder-column-1 > .fusion-column-wrapper {padding-top : 0px !important;padding-right : 0px !important;margin-right : 1.92%;padding-bottom : 0px !important;padding-left : 0px !important;margin-left : 1.92%;}@media only screen and (max-width:800px) {.fusion-body .fusion-builder-column-1{width:100% !important;}.fusion-builder-column-1 > .fusion-column-wrapper {margin-right : 1.92%;margin-left : 1.92%;}}@media only screen and (max-width:640px) {.fusion-body .fusion-builder-column-1{width:100% !important;}.fusion-builder-column-1 > .fusion-column-wrapper {margin-right : 1.92%;margin-left : 1.92%;}}<\/style><\/div><\/div><style type=\"text\/css\">.fusion-body .fusion-flex-container.fusion-builder-row-2{ padding-top : 0px;margin-top : 50px;padding-right : 0px;padding-bottom : 0px;margin-bottom : 0px;padding-left : 0px;}<\/style><\/div><\/p>","protected":false},"excerpt":{"rendered":"","protected":false},"author":1,"featured_media":0,"parent":0,"menu_order":0,"comment_status":"closed","ping_status":"open","template":"100-width.php","meta":{"footnotes":""},"class_list":["post-6302","page","type-page","status-publish","hentry"],"_links":{"self":[{"href":"https:\/\/dopak.pl\/de\/wp-json\/wp\/v2\/pages\/6302","targetHints":{"allow":["GET"]}}],"collection":[{"href":"https:\/\/dopak.pl\/de\/wp-json\/wp\/v2\/pages"}],"about":[{"href":"https:\/\/dopak.pl\/de\/wp-json\/wp\/v2\/types\/page"}],"author":[{"embeddable":true,"href":"https:\/\/dopak.pl\/de\/wp-json\/wp\/v2\/users\/1"}],"replies":[{"embeddable":true,"href":"https:\/\/dopak.pl\/de\/wp-json\/wp\/v2\/comments?post=6302"}],"version-history":[{"count":1,"href":"https:\/\/dopak.pl\/de\/wp-json\/wp\/v2\/pages\/6302\/revisions"}],"predecessor-version":[{"id":6304,"href":"https:\/\/dopak.pl\/de\/wp-json\/wp\/v2\/pages\/6302\/revisions\/6304"}],"wp:attachment":[{"href":"https:\/\/dopak.pl\/de\/wp-json\/wp\/v2\/media?parent=6302"}],"curies":[{"name":"wp","href":"https:\/\/api.w.org\/{rel}","templated":true}]}}