{"id":6483,"date":"2022-01-09T20:39:22","date_gmt":"2022-01-09T19:39:22","guid":{"rendered":"https:\/\/dopak.pl\/ueber-uns\/karriere\/"},"modified":"2022-06-13T22:43:13","modified_gmt":"2022-06-13T20:43:13","slug":"karriere","status":"publish","type":"page","link":"https:\/\/dopak.pl\/de\/ueber-uns\/karriere\/","title":{"rendered":"Karriere"},"content":{"rendered":"<p><div class=\"fusion-fullwidth fullwidth-box fusion-builder-row-1 fusion-flex-container fusion-parallax-none hundred-percent-fullwidth non-hundred-percent-height-scrolling\" style=\"background-color: #939393;background-image: url(&quot;https:\/\/dopak.pl\/wp-content\/uploads\/2022\/01\/2048x700-kariera_4-1024x350.jpg&quot;);background-position: center center;background-repeat: no-repeat;background-blend-mode: screen;border-width: 0 0 0 0;border-color:#ffffff;border-style:solid;-webkit-background-size:cover;-moz-background-size:cover;-o-background-size:cover;background-size:cover;\" ><div class=\"fusion-builder-row fusion-row fusion-flex-align-items-flex-start fusion-flex-align-content-center\" style=\"width:104% !important;max-width:104% !important;margin-left: calc(-4% \/ 2 );margin-right: calc(-4% \/ 2 );\"><div class=\"fusion-layout-column fusion_builder_column fusion-builder-column-0 fusion_builder_column_1_1 1_1 fusion-flex-column\"><div class=\"fusion-column-wrapper fusion-flex-justify-content-flex-start fusion-content-layout-column\" style=\"background-position:left top;background-repeat:no-repeat;-webkit-background-size:cover;-moz-background-size:cover;-o-background-size:cover;background-size:cover;padding: 0px 0px 0px 0px;\"><style type=\"text\/css\">@media only screen and (max-width:800px) {.fusion-title.fusion-title-1{margin-top:0px!important; margin-right:0px!important;margin-bottom:5px!important;margin-left:0px!important;}}@media only screen and (max-width:640px) {.fusion-title.fusion-title-1{margin-top:0px!important; margin-right:0px!important;margin-bottom:20px!important; margin-left:0px!important;}}<\/style><div class=\"fusion-title title fusion-title-1 fusion-sep-none fusion-title-center fusion-title-text fusion-title-size-two\" style=\"margin-top:0px;margin-right:0px;margin-bottom:5px;margin-left:0px;\"><h2 class=\"title-heading-center fusion-responsive-typography-calculated\" style=\"margin:0;--fontSize:48;line-height:1.25;\">Karriere<\/h2><\/div><style type=\"text\/css\">.fusion-breadcrumbs.fusion-breadcrumbs-1{font-size:14px;}.fusion-breadcrumbs.fusion-breadcrumbs-1 span a:hover{color:#1a80b6 !important;}.fusion-breadcrumbs.fusion-breadcrumbs-1{color:#000000;}.fusion-breadcrumbs.fusion-breadcrumbs-1 a{color:#000000;}<\/style><div class=\"fusion-breadcrumbs fusion-breadcrumbs-1\" style=\"margin-top:15px;text-align:center;\"><span><span><a href=\"https:\/\/dopak.pl\/de\/dopak-sp-z-o-o\/\">Dopak Sp. z o.o.<\/a><\/span><\/span><\/div><\/div><style type=\"text\/css\">.fusion-body .fusion-builder-column-0{width:100% !important;margin-top : 0px;margin-bottom : 20px;}.fusion-builder-column-0 > .fusion-column-wrapper {padding-top : 0px !important;padding-right : 0px !important;margin-right : 1.92%;padding-bottom : 0px !important;padding-left : 0px !important;margin-left : 1.92%;}@media only screen and (max-width:800px) {.fusion-body .fusion-builder-column-0{width:100% !important;order : 0;}.fusion-builder-column-0 > .fusion-column-wrapper {margin-right : 1.92%;margin-left : 1.92%;}}@media only screen and (max-width:640px) {.fusion-body .fusion-builder-column-0{width:100% !important;order : 0;}.fusion-builder-column-0 > .fusion-column-wrapper {margin-right : 1.92%;margin-left : 1.92%;}}<\/style><\/div><\/div><style type=\"text\/css\">.fusion-body .fusion-flex-container.fusion-builder-row-1{ padding-top : 120px;margin-top : 0px;padding-right : 0px;padding-bottom : 0px;margin-bottom : 0px;padding-left : 0px;min-height:345px;}<\/style><\/div><div class=\"fusion-fullwidth fullwidth-box fusion-builder-row-2 fusion-flex-container nonhundred-percent-fullwidth non-hundred-percent-height-scrolling\" style=\"background-color: rgba(255,255,255,0);background-position: center center;background-repeat: no-repeat;border-width: 0px 0px 0px 0px;border-color:#eae9e9;border-style:solid;\" ><div class=\"fusion-builder-row fusion-row fusion-flex-align-items-flex-start\" style=\"max-width:1216.8px;margin-left: calc(-4% \/ 2 );margin-right: calc(-4% \/ 2 );\"><div class=\"fusion-layout-column fusion_builder_column fusion-builder-column-1 fusion_builder_column_1_1 1_1 fusion-flex-column\"><div class=\"fusion-column-wrapper fusion-flex-justify-content-flex-start fusion-content-layout-column\" style=\"background-position:left top;background-repeat:no-repeat;-webkit-background-size:cover;-moz-background-size:cover;-o-background-size:cover;background-size:cover;padding: 0px 0px 0px 0px;\"><style type=\"text\/css\">@media only screen and (max-width:800px) {.fusion-title.fusion-title-2{margin-top:0px!important; margin-right:0px!important;margin-bottom:30px!important;margin-left:0px!important;}}@media only screen and (max-width:640px) {.fusion-title.fusion-title-2{margin-top:0px!important; margin-right:0px!important;margin-bottom:20px!important; margin-left:0px!important;}}<\/style><div class=\"fusion-title title fusion-title-2 fusion-sep-none fusion-title-center fusion-title-text fusion-title-size-one\" style=\"margin-top:0px;margin-right:0px;margin-bottom:30px;margin-left:0px;\"><h1 class=\"title-heading-center fusion-responsive-typography-calculated\" style=\"margin:0;--fontSize:60;line-height:1.33;\">ARBEITE MIT UNS<\/h1><\/div><style type=\"text\/css\">@media only screen and (max-width:800px) {.fusion-title.fusion-title-3{margin-top:0px!important; margin-right:0px!important;margin-bottom:30px!important;margin-left:0px!important;}}@media only screen and (max-width:640px) {.fusion-title.fusion-title-3{margin-top:0px!important; margin-right:0px!important;margin-bottom:20px!important; margin-left:0px!important;}}<\/style><div class=\"fusion-title title fusion-title-3 fusion-sep-none fusion-title-center fusion-title-text fusion-title-size-three\" style=\"margin-top:0px;margin-right:0px;margin-bottom:30px;margin-left:0px;\"><h3 class=\"title-heading-center fusion-responsive-typography-calculated\" style=\"margin:0;--fontSize:22;--minFontSize:22px;line-height:1.91;\"><p>WENN SIE EINE INTERESSANTE, DYNAMISCHE, HERAUSFORDERNDE ARBEIT SUCHEN,<br \/>\nTRETE UNSEREM TEAM BEI!<\/p><\/h3><\/div><style type=\"text\/css\">@media only screen and (max-width:800px) {.fusion-title.fusion-title-4{margin-top:0px!important; margin-right:0px!important;margin-bottom:30px!important;margin-left:0px!important;}}@media only screen and (max-width:640px) {.fusion-title.fusion-title-4{margin-top:0px!important; margin-right:0px!important;margin-bottom:20px!important; margin-left:0px!important;}}<\/style><div class=\"fusion-title title fusion-title-4 fusion-sep-none fusion-title-center fusion-title-text fusion-title-size-two\" style=\"margin-top:0px;margin-right:0px;margin-bottom:30px;margin-left:0px;\"><h2 class=\"title-heading-center fusion-responsive-typography-calculated\" style=\"margin:0;--fontSize:48;line-height:1.25;\">Aktuell suchen wir Mitarbeiter f\u00fcr folgende Positionen:<\/h2><\/div><style type=\"text\/css\">.fusion-accordian  #accordion-6483-1 .panel-title a .fa-fusion-box{ color: #ffffff;}.fusion-accordian  #accordion-6483-1 .panel-title a .fa-fusion-box:before{ font-size: 13px; width: 13px;}.fusion-accordian  #accordion-6483-1 .panel-title a{font-size:18px;}.fusion-accordian  #accordion-6483-1 .fa-fusion-box { background-color: #333333;border-color: #333333;}.fusion-accordian  #accordion-6483-1 .panel-title a:hover, #accordion-6483-1 .fusion-toggle-boxed-mode:hover .panel-title a { color: #1a80b6;}.fusion-accordian  #accordion-6483-1 .panel-title .active .fa-fusion-box,.fusion-accordian  #accordion-6483-1 .panel-title a:hover .fa-fusion-box { background-color: #1a80b6!important;border-color: #1a80b6!important;}<\/style><div class=\"accordian fusion-accordian\"><div class=\"panel-group\" id=\"accordion-6483-1\"><div class=\"fusion-panel panel-default\"><div class=\"panel-heading\"><h4 class=\"panel-title toggle\"><a aria-expanded=\"false\" aria-controls=\"a6ccaa55271496376\" role=\"button\" data-toggle=\"collapse\" data-parent=\"#accordion-6483-1\" data-target=\"#a6ccaa55271496376\" href=\"#a6ccaa55271496376\"><span class=\"fusion-toggle-icon-wrapper\" aria-hidden=\"true\"><i class=\"fa-fusion-box\" aria-hidden=\"true\"><\/i><\/span><span class=\"fusion-toggle-heading\">SPEZIALIST F\u00dcR AUFTR\u00c4GE<\/span><\/a><\/h4><\/div><div id=\"a6ccaa55271496376\" class=\"panel-collapse collapse \"><div class=\"panel-body toggle-content fusion-clearfix\">\n<h3>Werke:<\/h3>\n<ul>\n<li>Angebotserstellung f\u00fcr Ersatzteile,<\/li>\n<li>Erstellen von Bestellungen in internen Systemen,<\/li>\n<li>E-Mail- und Telefonkontakt mit Kunden,<\/li>\n<li>laufender Kontakt mit ausl\u00e4ndischen Lieferanten,<\/li>\n<li>Kundenbetreuung im Reklamationsprozess.<\/li>\n<\/ul>\n<h3>Anforderungen:<\/h3>\n<ul>\n<li>H\u00f6here technische Ausbildung im Bereich Maschinenbau,<\/li>\n<li>sehr gute Englisch- oder Deutschkenntnisse,<\/li>\n<li>Kenntnisse im technischen Zeichnen,<\/li>\n<li>Erfahrung in der Wartung von Maschinen ist willkommen,<\/li>\n<li>hohe pers\u00f6nliche Kultur und Kooperationsf\u00e4higkeit,<\/li>\n<li>F\u00fchrerscheinklasse B.<\/li>\n<\/ul>\n<h3>Wir bieten:<\/h3>\n<ul>\n<li>stabile Besch\u00e4ftigung auf der Grundlage eines Arbeitsvertrags,<\/li>\n<li>Vollzeitbesch\u00e4ftigung von Montag bis Freitag w\u00e4hrend der regul\u00e4ren Arbeitszeit,<\/li>\n<li>Implementierungs- und Entwicklungstraining,<\/li>\n<li>die M\u00f6glichkeit der Entwicklung in einem sich dynamisch entwickelnden Unternehmen, das auf internationalen M\u00e4rkten t\u00e4tig ist,<\/li>\n<li>attraktiver Lohn,<\/li>\n<li>Kofinanzierung von sportlichen Aktivit\u00e4ten,<\/li>\n<li>angenehme Arbeitsbedingungen.<\/li>\n<\/ul>\n<p><strong>Bitte senden Sie Ihre Bewerbungen an:<\/strong> <a href=\"mailto:steiner@dopak.pl\">steiner@dopak.pl<\/a><\/p>\n<p>Vielen Dank f\u00fcr die eingereichten Bewerbungen.<\/p>\n<\/div><\/div><\/div><\/div><\/div><style type=\"text\/css\">.fusion-accordian  #accordion-6483-2 .panel-title a .fa-fusion-box{ color: #ffffff;}.fusion-accordian  #accordion-6483-2 .panel-title a .fa-fusion-box:before{ font-size: 13px; width: 13px;}.fusion-accordian  #accordion-6483-2 .panel-title a{font-size:18px;}.fusion-accordian  #accordion-6483-2 .fa-fusion-box { background-color: #333333;border-color: #333333;}.fusion-accordian  #accordion-6483-2 .panel-title a:hover, #accordion-6483-2 .fusion-toggle-boxed-mode:hover .panel-title a { color: #1a80b6;}.fusion-accordian  #accordion-6483-2 .panel-title .active .fa-fusion-box,.fusion-accordian  #accordion-6483-2 .panel-title a:hover .fa-fusion-box { background-color: #1a80b6!important;border-color: #1a80b6!important;}<\/style><div class=\"accordian fusion-accordian\"><div class=\"panel-group\" id=\"accordion-6483-2\"><div class=\"fusion-panel panel-default\"><div class=\"panel-heading\"><h4 class=\"panel-title toggle\"><a aria-expanded=\"false\" aria-controls=\"2c88b920cba659f0a\" role=\"button\" data-toggle=\"collapse\" data-parent=\"#accordion-6483-2\" data-target=\"#2c88b920cba659f0a\" href=\"#2c88b920cba659f0a\"><span class=\"fusion-toggle-icon-wrapper\" aria-hidden=\"true\"><i class=\"fa-fusion-box\" aria-hidden=\"true\"><\/i><\/span><span class=\"fusion-toggle-heading\">ASSISTENT LEITER DER ABTEILUNG GEBRAUCHTE MASCHINEN <\/span><\/a><\/h4><\/div><div id=\"2c88b920cba659f0a\" class=\"panel-collapse collapse \"><div class=\"panel-body toggle-content fusion-clearfix\">\n<h3>Werke:<\/h3>\n<ul>\n<li>umfassende und professionelle Betreuung der Gebrauchtmaschinenabteilung,<\/li>\n<li>Erstellung von Angeboten f\u00fcr Maschinen und Ersatzteile,<\/li>\n<li>Erstellen von Bestellungen in internen Systemen,<\/li>\n<li>laufender Kontakt mit ausl\u00e4ndischen Lieferanten.<\/li>\n<\/ul>\n<h3>Anforderungen:<\/h3>\n<ul>\n<li>Hochschulbildung (vorzugsweise technische),<\/li>\n<li>Englisch- und Russischkenntnisse (notwendige Voraussetzung),<\/li>\n<li>F\u00e4higkeit, Probleme zu l\u00f6sen,<\/li>\n<li>hohe pers\u00f6nliche Kultur und Kooperationsf\u00e4higkeit,<\/li>\n<li>Fahrerlaubnis B.<\/li>\n<\/ul>\n<h3>Wir bieten:<\/h3>\n<ul>\n<li>stabile Besch\u00e4ftigung auf der Grundlage eines Arbeitsvertrags,<\/li>\n<li>Vollzeitbesch\u00e4ftigung, von Montag bis Freitag w\u00e4hrend der regul\u00e4ren Arbeitszeit,<\/li>\n<li>Implementierungs- und Entwicklungstraining,<\/li>\n<li>die M\u00f6glichkeit der Entwicklung in einem sich dynamisch entwickelnden Unternehmen, das auf internationalen M\u00e4rkten t\u00e4tig ist,<\/li>\n<li>attraktiver Lohn,<\/li>\n<li>angenehme Arbeitsbedingungen.<\/li>\n<\/ul>\n<p><strong>Bitte senden Sie Ihre Bewerbungen an:<\/strong> <a href=\"mailto:dopak@dopak.pl\">dopak@dopak.pl<\/a><\/p>\n<p>Vielen Dank f\u00fcr die eingereichten Bewerbungen.<\/p>\n<\/div><\/div><\/div><\/div><\/div><\/div><style type=\"text\/css\">.fusion-body .fusion-builder-column-1{width:100% !important;margin-top : 0px;margin-bottom : 20px;}.fusion-builder-column-1 > .fusion-column-wrapper {padding-top : 0px !important;padding-right : 0px !important;margin-right : 1.92%;padding-bottom : 0px !important;padding-left : 0px !important;margin-left : 1.92%;}@media only screen and (max-width:800px) {.fusion-body .fusion-builder-column-1{width:100% !important;order : 0;}.fusion-builder-column-1 > .fusion-column-wrapper {margin-right : 1.92%;margin-left : 1.92%;}}@media only screen and (max-width:640px) {.fusion-body .fusion-builder-column-1{width:100% !important;order : 0;}.fusion-builder-column-1 > .fusion-column-wrapper {margin-right : 1.92%;margin-left : 1.92%;}}<\/style><\/div><\/div><style type=\"text\/css\">.fusion-body .fusion-flex-container.fusion-builder-row-2{ padding-top : 50px;margin-top : 0px;padding-right : 0px;padding-bottom : 0px;margin-bottom : 0px;padding-left : 0px;}<\/style><\/div><\/p>\n","protected":false},"excerpt":{"rendered":"","protected":false},"author":3,"featured_media":0,"parent":6364,"menu_order":0,"comment_status":"closed","ping_status":"closed","template":"100-width.php","meta":{"footnotes":""},"class_list":["post-6483","page","type-page","status-publish","hentry"],"_links":{"self":[{"href":"https:\/\/dopak.pl\/de\/wp-json\/wp\/v2\/pages\/6483","targetHints":{"allow":["GET"]}}],"collection":[{"href":"https:\/\/dopak.pl\/de\/wp-json\/wp\/v2\/pages"}],"about":[{"href":"https:\/\/dopak.pl\/de\/wp-json\/wp\/v2\/types\/page"}],"author":[{"embeddable":true,"href":"https:\/\/dopak.pl\/de\/wp-json\/wp\/v2\/users\/3"}],"replies":[{"embeddable":true,"href":"https:\/\/dopak.pl\/de\/wp-json\/wp\/v2\/comments?post=6483"}],"version-history":[{"count":1,"href":"https:\/\/dopak.pl\/de\/wp-json\/wp\/v2\/pages\/6483\/revisions"}],"predecessor-version":[{"id":6491,"href":"https:\/\/dopak.pl\/de\/wp-json\/wp\/v2\/pages\/6483\/revisions\/6491"}],"up":[{"embeddable":true,"href":"https:\/\/dopak.pl\/de\/wp-json\/wp\/v2\/pages\/6364"}],"wp:attachment":[{"href":"https:\/\/dopak.pl\/de\/wp-json\/wp\/v2\/media?parent=6483"}],"curies":[{"name":"wp","href":"https:\/\/api.w.org\/{rel}","templated":true}]}}