{"id":6547,"date":"2022-01-12T11:49:27","date_gmt":"2022-01-12T10:49:27","guid":{"rendered":"https:\/\/dopak.pl\/neue-maschinen\/newsletter\/"},"modified":"2022-06-13T22:43:24","modified_gmt":"2022-06-13T20:43:24","slug":"newsletter","status":"publish","type":"page","link":"https:\/\/dopak.pl\/de\/neue-maschinen\/newsletter\/","title":{"rendered":"Newsletter"},"content":{"rendered":"<p><div class=\"fusion-fullwidth fullwidth-box fusion-builder-row-1 fusion-flex-container fusion-parallax-none hundred-percent-fullwidth non-hundred-percent-height-scrolling\" style=\"background-color: #a8a8a8;background-image: url(&quot;https:\/\/dopak.pl\/wp-content\/uploads\/2022\/01\/2048x700-Roboty-baner.jpg&quot;);background-position: center center;background-repeat: no-repeat;background-blend-mode: screen;border-width: 0 0 0 0;border-color:#ffffff;border-style:solid;-webkit-background-size:cover;-moz-background-size:cover;-o-background-size:cover;background-size:cover;\" ><div class=\"fusion-builder-row fusion-row fusion-flex-align-items-flex-start fusion-flex-align-content-center\" style=\"width:104% !important;max-width:104% !important;margin-left: calc(-4% \/ 2 );margin-right: calc(-4% \/ 2 );\"><div class=\"fusion-layout-column fusion_builder_column fusion-builder-column-0 fusion_builder_column_1_1 1_1 fusion-flex-column\"><div class=\"fusion-column-wrapper fusion-flex-justify-content-flex-start fusion-content-layout-column\" style=\"background-position:left top;background-repeat:no-repeat;-webkit-background-size:cover;-moz-background-size:cover;-o-background-size:cover;background-size:cover;padding: 0px 0px 0px 0px;\"><style type=\"text\/css\">.fusion-breadcrumbs.fusion-breadcrumbs-1{font-size:14px;}.fusion-breadcrumbs.fusion-breadcrumbs-1 span a:hover{color:#1a80b6 !important;}.fusion-breadcrumbs.fusion-breadcrumbs-1{color:#000000;}.fusion-breadcrumbs.fusion-breadcrumbs-1 a{color:#000000;}<\/style><div class=\"fusion-breadcrumbs fusion-breadcrumbs-1\" style=\"margin-top:15px;text-align:center;\"><span><span><a href=\"https:\/\/dopak.pl\/de\/dopak-sp-z-o-o\/\">Dopak Sp. z o.o.<\/a><\/span><\/span><\/div><\/div><style type=\"text\/css\">.fusion-body .fusion-builder-column-0{width:100% !important;margin-top : 0px;margin-bottom : 20px;}.fusion-builder-column-0 > .fusion-column-wrapper {padding-top : 0px !important;padding-right : 0px !important;margin-right : 1.92%;padding-bottom : 0px !important;padding-left : 0px !important;margin-left : 1.92%;}@media only screen and (max-width:800px) {.fusion-body .fusion-builder-column-0{width:100% !important;order : 0;}.fusion-builder-column-0 > .fusion-column-wrapper {margin-right : 1.92%;margin-left : 1.92%;}}@media only screen and (max-width:640px) {.fusion-body .fusion-builder-column-0{width:100% !important;order : 0;}.fusion-builder-column-0 > .fusion-column-wrapper {margin-right : 1.92%;margin-left : 1.92%;}}<\/style><\/div><\/div><style type=\"text\/css\">.fusion-body .fusion-flex-container.fusion-builder-row-1{ padding-top : 120px;margin-top : 0px;padding-right : 0px;padding-bottom : 0px;margin-bottom : 0px;padding-left : 0px;min-height:345px;}<\/style><\/div><div class=\"fusion-fullwidth fullwidth-box fusion-builder-row-2 fusion-flex-container nonhundred-percent-fullwidth non-hundred-percent-height-scrolling\" style=\"background-color: rgba(255,255,255,0);background-position: center center;background-repeat: no-repeat;border-width: 0px 0px 0px 0px;border-color:#eae9e9;border-style:solid;\" ><div class=\"fusion-builder-row fusion-row fusion-flex-align-items-center\" style=\"max-width:1216.8px;margin-left: calc(-4% \/ 2 );margin-right: calc(-4% \/ 2 );\"><div class=\"fusion-layout-column fusion_builder_column fusion-builder-column-1 fusion_builder_column_1_1 1_1 fusion-flex-column\"><div class=\"fusion-column-wrapper fusion-flex-justify-content-flex-start fusion-content-layout-column\" style=\"background-position:left top;background-repeat:no-repeat;-webkit-background-size:cover;-moz-background-size:cover;-o-background-size:cover;background-size:cover;padding: 0px 0px 0px 0px;\"><\/div><style type=\"text\/css\">.fusion-body .fusion-builder-column-1{width:100% !important;margin-top : 0px;margin-bottom : 20px;}.fusion-builder-column-1 > .fusion-column-wrapper {padding-top : 0px !important;padding-right : 0px !important;margin-right : 1.92%;padding-bottom : 0px !important;padding-left : 0px !important;margin-left : 1.92%;}@media only screen and (max-width:800px) {.fusion-body .fusion-builder-column-1{width:100% !important;order : 0;}.fusion-builder-column-1 > .fusion-column-wrapper {margin-right : 1.92%;margin-left : 1.92%;}}@media only screen and (max-width:640px) {.fusion-body .fusion-builder-column-1{width:100% !important;order : 0;}.fusion-builder-column-1 > .fusion-column-wrapper {margin-right : 1.92%;margin-left : 1.92%;}}<\/style><\/div><div class=\"fusion-layout-column fusion_builder_column fusion-builder-column-2 fusion_builder_column_1_2 1_2 fusion-flex-column\"><div class=\"fusion-column-wrapper fusion-flex-justify-content-flex-start fusion-content-layout-column\" style=\"background-position:left top;background-repeat:no-repeat;-webkit-background-size:cover;-moz-background-size:cover;-o-background-size:cover;background-size:cover;padding: 0px 0px 0px 0px;\"><style type=\"text\/css\">@media only screen and (max-width:800px) {.fusion-title.fusion-title-1{margin-top:0px!important; margin-right:0px!important;margin-bottom:30px!important;margin-left:0px!important;}}@media only screen and (max-width:640px) {.fusion-title.fusion-title-1{margin-top:0px!important; margin-right:0px!important;margin-bottom:20px!important; margin-left:0px!important;}}<\/style><div class=\"fusion-title title fusion-title-1 fusion-sep-none fusion-title-text fusion-title-size-three\" style=\"margin-top:0px;margin-right:0px;margin-bottom:30px;margin-left:0px;\"><h3 class=\"title-heading-left fusion-responsive-typography-calculated\" style=\"margin:0;--fontSize:22;--minFontSize:22px;line-height:1.91;\">Newsletter<\/h3><\/div><div class=\"fusion-text fusion-text-1\" style=\"text-align:left;\"><p>Sehr geehrter Kunde,<\/p>\n<p>Wir laden Sie ein, den Dopak-Newsletter zu abonnieren. Dadurch sind Sie der Erste, der von uns technische Beratung, Informationen \u00fcber neue Produkte, Werbeaktionen oder organisierte Schulungen erh\u00e4lt. Sie k\u00f6nnen Ihre Einwilligung jederzeit widerrufen.<\/p>\n<p>F\u00fcr einen guten Start, eine kleine \u00dcberraschung: 10% Rabatt mit dem Code: NEWSLETTER f\u00fcr den ersten Einkauf in unserem <a href=\"https:\/\/eshop.dopak.pl\/\">E-Shop *<\/a><\/p>\n<p><em>* Den 10 % Rabattcode erhalten Sie direkt nach Best\u00e4tigung Ihrer Newsletter-Anmeldung per E-Mail. Der Rabatt auf Eink\u00e4ufe im <a href=\"https:\/\/eshop.dopak.pl\/\">E-Shop von Dopak<\/a> ist einmalig und wird bei der Bestellung auf einen H\u00f6chstbetrag von bis zu 1.000 PLN berechnet. Sie k\u00f6nnen es innerhalb von 30 Tagen verwenden. Nicht mit anderen Rabatten im <a href=\"https:\/\/eshop.dopak.pl\/\">Dopak E-Shop<\/a> kombinierbar.<\/em><\/p>\n<ol>\n<li style=\"list-style-type: none;\">\n<\/li>\n<\/ol>\n<\/div><style>.fusion-form-742 .fusion-form-tooltip .fusion-form-tooltip-content{color:#ffffff !important;background-color:#0076cf !important;border-color:#0076cf !important;}.fusion-form-742 input:not([type=\"submit\"]),.fusion-form-742 select,.fusion-form-742 textarea{background-color:#0076cf;}.fusion-form-742 label, .fusion-form-742 .label{color:#0076cf;}<\/style><div class=\"fusion-form fusion-form-builder fusion-form-form-wrapper fusion-form-742\" data-form-id=\"742\" data-config=\"{&quot;form_id&quot;:&quot;742&quot;,&quot;form_post_id&quot;:742,&quot;post_id&quot;:6547,&quot;form_type&quot;:&quot;email&quot;,&quot;confirmation_type&quot;:&quot;redirect&quot;,&quot;redirect_url&quot;:&quot;https:\\\/\\\/dopak.pl\\\/podziekowanie-za-kontakt\\\/&quot;,&quot;field_labels&quot;:{&quot;name&quot;:&quot;Firma&quot;,&quot;email_address&quot;:&quot;Adres email&quot;,&quot;message&quot;:&quot;Opis projektu&quot;},&quot;field_logics&quot;:{&quot;name&quot;:&quot;&quot;,&quot;email_address&quot;:&quot;&quot;,&quot;message&quot;:&quot;&quot;}}\"><form action=\"https:\/\/dopak.pl\/de\/neue-maschinen\/newsletter\/\" method=\"post\" class=\"fusion-form fusion-form-742\"><div class=\"fusion-fullwidth fullwidth-box fusion-builder-row-2-1 fusion-flex-container nonhundred-percent-fullwidth non-hundred-percent-height-scrolling\" style=\"background-color: rgba(255,255,255,0);background-position: center center;background-repeat: no-repeat;border-width: 0px 0px 0px 0px;border-color:#eae9e9;border-style:solid;\" ><div class=\"fusion-builder-row fusion-row fusion-flex-align-items-flex-start\" style=\"width:104% !important;max-width:104% !important;margin-left: calc(-4% \/ 2 );margin-right: calc(-4% \/ 2 );\"><div class=\"fusion-layout-column fusion_builder_column fusion-builder-column-3 fusion_builder_column_1_1 1_1 fusion-flex-column\"><div class=\"fusion-column-wrapper fusion-flex-justify-content-flex-start fusion-content-layout-column\" style=\"background-position:left top;background-repeat:no-repeat;-webkit-background-size:cover;-moz-background-size:cover;-o-background-size:cover;background-size:cover;padding: 0px 0px 0px 0px;\"><div class=\"fusion-form-field fusion-form-text-field fusion-form-label-above\" data-form-id=\"742\"><div class=\"fusion-form-label-wrapper\"><label for=\"name\">Firma <abbr class=\"fusion-form-element-required\" title=\"required\">*<\/abbr><\/label><\/div><input type=\"text\" name=\"name\" id=\"name\" value=\"\"  class=\"fusion-form-input\" required=\"true\" aria-required=\"true\" data-holds-private-data=\"false\" minlength=\"0\"\/><\/div><div class=\"fusion-form-field fusion-form-email-field fusion-form-label-above\" data-form-id=\"742\"><div class=\"fusion-form-label-wrapper\"><label for=\"email_address\">Adres email <abbr class=\"fusion-form-element-required\" title=\"required\">*<\/abbr><\/label><\/div><input type=\"email\" name=\"email_address\" id=\"email_address\" value=\"\"  class=\"fusion-form-input\" required=\"true\" aria-required=\"true\" data-holds-private-data=\"false\"\/><\/div><\/div><style type=\"text\/css\">.fusion-body .fusion-builder-column-3{width:100% !important;margin-top : 0px;margin-bottom : 0px;}.fusion-builder-column-3 > .fusion-column-wrapper {padding-top : 0px !important;padding-right : 0px !important;margin-right : 1.92%;padding-bottom : 0px !important;padding-left : 0px !important;margin-left : 1.92%;}@media only screen and (max-width:800px) {.fusion-body .fusion-builder-column-3{width:100% !important;order : 0;}.fusion-builder-column-3 > .fusion-column-wrapper {margin-right : 1.92%;margin-left : 1.92%;}}@media only screen and (max-width:640px) {.fusion-body .fusion-builder-column-3{width:100% !important;order : 0;}.fusion-builder-column-3 > .fusion-column-wrapper {margin-right : 1.92%;margin-left : 1.92%;}}<\/style><\/div><div class=\"fusion-layout-column fusion_builder_column fusion-builder-column-4 fusion_builder_column_1_1 1_1 fusion-flex-column\"><div class=\"fusion-column-wrapper fusion-flex-justify-content-flex-start fusion-content-layout-column\" style=\"background-position:left top;background-repeat:no-repeat;-webkit-background-size:cover;-moz-background-size:cover;-o-background-size:cover;background-size:cover;padding: 0px 0px 0px 0px;\"><div class=\"fusion-form-field fusion-form-textarea-field fusion-form-label-above\" data-form-id=\"742\"><label for=\"message\">Opis projektu <abbr class=\"fusion-form-element-required\" title=\"required\">*<\/abbr><\/label><textarea cols=\"40\" rows=\"4\" tabindex=\"\" id=\"message\" name=\"message\" class=\"fusion-form-input\" required=\"true\" aria-required=\"true\" data-holds-private-data=\"false\"><\/textarea><\/div><div class=\"form-submission-notices\" id=\"fusion-notices-1\"><div class=\"fusion-alert alert success alert-success fusion-alert-center fusion-form-response fusion-form-response-success fusion-alert-capitalize alert-dismissable\" style=\"background-color:#dff0d8;color:rgba(92,163,64,1);border-color:rgba(92,163,64,1);border-width:1px;\"><button type=\"button\" class=\"close toggle-alert\" data-dismiss=\"alert\" aria-label=\"Close\">&times;<\/button><div class=\"fusion-alert-content-wrapper\"><span class=\"alert-icon\"><i class=\"fa-lg fa fa-check-circle\" aria-hidden=\"true\"><\/i><\/span><span class=\"fusion-alert-content\">Dzi\u0119kujemy za wys\u0142anie wiadomo\u015bci. Odpowiemy najszybciej jak b\u0119dzie to mo\u017cliwe.<\/span><\/div><\/div><div class=\"fusion-alert alert error alert-danger fusion-alert-center fusion-form-response fusion-form-response-error fusion-alert-capitalize alert-dismissable\" style=\"background-color:#f2dede;color:rgba(166,66,66,1);border-color:rgba(166,66,66,1);border-width:1px;\"><button type=\"button\" class=\"close toggle-alert\" data-dismiss=\"alert\" aria-label=\"Close\">&times;<\/button><div class=\"fusion-alert-content-wrapper\"><span class=\"alert-icon\"><i class=\"fa-lg fa fa-exclamation-triangle\" aria-hidden=\"true\"><\/i><\/span><span class=\"fusion-alert-content\">Wyst\u0105pi\u0142 b\u0142\u0105d. Spr\u00f3buj ponownie.<\/span><\/div><\/div><\/div><div class=\"fusion-form-field fusion-form-submit-field fusion-form-label-above\" data-form-id=\"742\"><input type=\"hidden\" value=\"janczy@dopak.pl\" name=\"fusion_form_email\" \/><input type=\"hidden\" value=\"[imie]\" name=\"fusion_form_email_from\" \/><input type=\"hidden\" value=\"www@dopak.pl\" name=\"fusion_form_email_from_id\" \/><input type=\"hidden\" value=\"Wojsko\" name=\"fusion_form_email_subject\" \/><input type=\"hidden\" value=\"0\" name=\"fusion_form_email_subject_encode\" \/><div style=\"text-align:center;\"><style type=\"text\/css\">.fusion-button.button-1 {border-radius:10px;}<\/style><button type=\"submit\" class=\"fusion-button button-flat button-large button-default button-1 fusion-button-default-span  form-form-submit button-default\" data-form-number=\"742\" tabindex=\"\"><span class=\"fusion-button-text\">WY\u015aLIJ<\/span><\/button><\/div><\/div><\/div><style type=\"text\/css\">.fusion-body .fusion-builder-column-4{width:100% !important;margin-top : 0px;margin-bottom : 0px;}.fusion-builder-column-4 > .fusion-column-wrapper {padding-top : 0px !important;padding-right : 0px !important;margin-right : 1.92%;padding-bottom : 0px !important;padding-left : 0px !important;margin-left : 1.92%;}@media only screen and (max-width:800px) {.fusion-body .fusion-builder-column-4{width:100% !important;order : 0;}.fusion-builder-column-4 > .fusion-column-wrapper {margin-right : 1.92%;margin-left : 1.92%;}}@media only screen and (max-width:640px) {.fusion-body .fusion-builder-column-4{width:100% !important;order : 0;}.fusion-builder-column-4 > .fusion-column-wrapper {margin-right : 1.92%;margin-left : 1.92%;}}<\/style><\/div><\/div><style type=\"text\/css\">.fusion-body .fusion-flex-container.fusion-builder-row-2-1{ padding-top : 0px;margin-top : 0px;padding-right : 0px;padding-bottom : 0px;margin-bottom : 0px;padding-left : 0px;}<\/style><\/div><input type=\"hidden\" name=\"fusion_privacy_store_ip_ua\" value=\"false\"><input type=\"hidden\" name=\"fusion_privacy_expiration_interval\" value=\"48\"><input type=\"hidden\" name=\"privacy_expiration_action\" value=\"anonymize\"><\/form><\/div><div class=\"fusion-text fusion-text-2\"><p><em>* Indem Sie das obige Newsletter-Bestellformular ausf\u00fcllen, treten Sie dem Newsletter-Service bei, der gem\u00e4\u00df den Bestimmungen bereitgestellt wird, die unter dem Wort hier verf\u00fcgbar sind. Sie m\u00fcssen einen Link zu den Bestimmungen aus dem Anhang hinzuf\u00fcgen&gt; . Wenn die von Ihnen angegebene E-Mail-Adresse personenbezogene Daten enth\u00e4lt, werden diese von Dopak Sp. z o. o., um den Newsletter-Service bereitzustellen. Sie k\u00f6nnen sich jederzeit ohne Angabe von Gr\u00fcnden abmelden. Sie haben die Rechte nach der DSGVO, insbesondere das Recht auf Vergessen, Zugriff und \u00dcbertragung von Daten. Vollst\u00e4ndige DSGVO-Informationen sind in der Datenschutzerkl\u00e4rung des Newsletter-Dienstes verf\u00fcgbar \u2013 das Wort hier muss mit dem Datenschutzdokument aus dem Anhang verlinkt werden&gt; .<\/em><\/p>\n<p><em> <\/em><\/p>\n<\/div><\/div><style type=\"text\/css\">.fusion-body .fusion-builder-column-2{width:50% !important;margin-top : 0px;margin-bottom : 20px;}.fusion-builder-column-2 > .fusion-column-wrapper {padding-top : 0px !important;padding-right : 0px !important;margin-right : 3.84%;padding-bottom : 0px !important;padding-left : 0px !important;margin-left : 3.84%;}@media only screen and (max-width:800px) {.fusion-body .fusion-builder-column-2{width:100% !important;order : 0;}.fusion-builder-column-2 > .fusion-column-wrapper {margin-right : 1.92%;margin-left : 1.92%;}}@media only screen and (max-width:640px) {.fusion-body .fusion-builder-column-2{width:100% !important;order : 0;}.fusion-builder-column-2 > .fusion-column-wrapper {margin-right : 1.92%;margin-left : 1.92%;}}<\/style><\/div><div class=\"fusion-layout-column fusion_builder_column fusion-builder-column-5 fusion_builder_column_1_2 1_2 fusion-flex-column fusion-animated\" data-animationType=\"fadeInLeft\" data-animationDuration=\"0.3\" data-animationOffset=\"top-into-view\"><div class=\"fusion-column-wrapper fusion-flex-justify-content-flex-start fusion-content-layout-column\" style=\"background-position:left top;background-repeat:no-repeat;-webkit-background-size:cover;-moz-background-size:cover;-o-background-size:cover;background-size:cover;padding: 0px 0px 0px 0px;\"><div ><span class=\" fusion-imageframe imageframe-none imageframe-1 hover-type-none\" style=\"border-radius:10px;\"><img decoding=\"async\" width=\"600\" height=\"542\" title=\"Newsletter-Dopak\" src=\"https:\/\/dopak.pl\/wp-content\/uploads\/2022\/01\/Nowa-grafika-final.jpg\" class=\"img-responsive wp-image-5661\" srcset=\"https:\/\/dopak.pl\/wp-content\/uploads\/2022\/01\/Nowa-grafika-final-200x181.jpg 200w, https:\/\/dopak.pl\/wp-content\/uploads\/2022\/01\/Nowa-grafika-final-400x361.jpg 400w, https:\/\/dopak.pl\/wp-content\/uploads\/2022\/01\/Nowa-grafika-final.jpg 600w\" sizes=\"(max-width: 800px) 100vw, (max-width: 640px) 100vw, 600px\" \/><\/span><\/div><\/div><style type=\"text\/css\">.fusion-body .fusion-builder-column-5{width:50% !important;margin-top : 0px;margin-bottom : 20px;}.fusion-builder-column-5 > .fusion-column-wrapper {padding-top : 0px !important;padding-right : 0px !important;margin-right : 3.84%;padding-bottom : 0px !important;padding-left : 0px !important;margin-left : 3.84%;}@media only screen and (max-width:800px) {.fusion-body .fusion-builder-column-5{width:100% !important;order : 0;}.fusion-builder-column-5 > .fusion-column-wrapper {margin-right : 1.92%;margin-left : 1.92%;}}@media only screen and (max-width:640px) {.fusion-body .fusion-builder-column-5{width:100% !important;order : 0;}.fusion-builder-column-5 > .fusion-column-wrapper {margin-right : 1.92%;margin-left : 1.92%;}}<\/style><\/div><\/div><style type=\"text\/css\">.fusion-body .fusion-flex-container.fusion-builder-row-2{ padding-top : 0px;margin-top : 50px;padding-right : 0px;padding-bottom : 0px;margin-bottom : 0px;padding-left : 0px;}<\/style><\/div><\/p>\n","protected":false},"excerpt":{"rendered":"","protected":false},"author":1,"featured_media":0,"parent":6423,"menu_order":0,"comment_status":"closed","ping_status":"closed","template":"100-width.php","meta":{"footnotes":""},"class_list":["post-6547","page","type-page","status-publish","hentry"],"_links":{"self":[{"href":"https:\/\/dopak.pl\/de\/wp-json\/wp\/v2\/pages\/6547","targetHints":{"allow":["GET"]}}],"collection":[{"href":"https:\/\/dopak.pl\/de\/wp-json\/wp\/v2\/pages"}],"about":[{"href":"https:\/\/dopak.pl\/de\/wp-json\/wp\/v2\/types\/page"}],"author":[{"embeddable":true,"href":"https:\/\/dopak.pl\/de\/wp-json\/wp\/v2\/users\/1"}],"replies":[{"embeddable":true,"href":"https:\/\/dopak.pl\/de\/wp-json\/wp\/v2\/comments?post=6547"}],"version-history":[{"count":1,"href":"https:\/\/dopak.pl\/de\/wp-json\/wp\/v2\/pages\/6547\/revisions"}],"predecessor-version":[{"id":6554,"href":"https:\/\/dopak.pl\/de\/wp-json\/wp\/v2\/pages\/6547\/revisions\/6554"}],"up":[{"embeddable":true,"href":"https:\/\/dopak.pl\/de\/wp-json\/wp\/v2\/pages\/6423"}],"wp:attachment":[{"href":"https:\/\/dopak.pl\/de\/wp-json\/wp\/v2\/media?parent=6547"}],"curies":[{"name":"wp","href":"https:\/\/api.w.org\/{rel}","templated":true}]}}