{"id":6779,"date":"2022-01-20T14:32:05","date_gmt":"2022-01-20T13:32:05","guid":{"rendered":"https:\/\/dopak.pl\/datenschutz-bestimmungen\/"},"modified":"2022-06-13T22:45:12","modified_gmt":"2022-06-13T20:45:12","slug":"datenschutz-bestimmungen","status":"publish","type":"page","link":"https:\/\/dopak.pl\/de\/datenschutz-bestimmungen\/","title":{"rendered":"Datenschutz-Bestimmungen"},"content":{"rendered":"<p><div class=\"fusion-fullwidth fullwidth-box fusion-builder-row-1 fusion-flex-container fusion-parallax-none hundred-percent-fullwidth non-hundred-percent-height-scrolling\" style=\"background-color: #939393;background-image: url(&quot;https:\/\/dopak.pl\/wp-content\/uploads\/2022\/01\/2048x700-newsletter-1-1024x350.jpg&quot;);background-position: center center;background-repeat: no-repeat;background-blend-mode: screen;border-width: 0 0 0 0;border-color:#ffffff;border-style:solid;-webkit-background-size:cover;-moz-background-size:cover;-o-background-size:cover;background-size:cover;\" ><div class=\"fusion-builder-row fusion-row fusion-flex-align-items-flex-start fusion-flex-align-content-center\" style=\"width:104% !important;max-width:104% !important;margin-left: calc(-4% \/ 2 );margin-right: calc(-4% \/ 2 );\"><div class=\"fusion-layout-column fusion_builder_column fusion-builder-column-0 fusion_builder_column_1_1 1_1 fusion-flex-column\"><div class=\"fusion-column-wrapper fusion-flex-justify-content-flex-start fusion-content-layout-column\" style=\"background-position:left top;background-repeat:no-repeat;-webkit-background-size:cover;-moz-background-size:cover;-o-background-size:cover;background-size:cover;padding: 0px 0px 0px 0px;\"><style type=\"text\/css\">.fusion-breadcrumbs.fusion-breadcrumbs-1{font-size:14px;}.fusion-breadcrumbs.fusion-breadcrumbs-1 span a:hover{color:#1a80b6 !important;}.fusion-breadcrumbs.fusion-breadcrumbs-1{color:#000000;}.fusion-breadcrumbs.fusion-breadcrumbs-1 a{color:#000000;}<\/style><div class=\"fusion-breadcrumbs fusion-breadcrumbs-1\" style=\"margin-top:15px;text-align:center;\"><span><span><a href=\"https:\/\/dopak.pl\/de\/dopak-sp-z-o-o\/\">Dopak Sp. z o.o.<\/a><\/span><\/span><\/div><\/div><style type=\"text\/css\">.fusion-body .fusion-builder-column-0{width:100% !important;margin-top : 0px;margin-bottom : 20px;}.fusion-builder-column-0 > .fusion-column-wrapper {padding-top : 0px !important;padding-right : 0px !important;margin-right : 1.92%;padding-bottom : 0px !important;padding-left : 0px !important;margin-left : 1.92%;}@media only screen and (max-width:800px) {.fusion-body .fusion-builder-column-0{width:100% !important;order : 0;}.fusion-builder-column-0 > .fusion-column-wrapper {margin-right : 1.92%;margin-left : 1.92%;}}@media only screen and (max-width:640px) {.fusion-body .fusion-builder-column-0{width:100% !important;order : 0;}.fusion-builder-column-0 > .fusion-column-wrapper {margin-right : 1.92%;margin-left : 1.92%;}}<\/style><\/div><\/div><style type=\"text\/css\">.fusion-body .fusion-flex-container.fusion-builder-row-1{ padding-top : 120px;margin-top : 0px;padding-right : 0px;padding-bottom : 0px;margin-bottom : 0px;padding-left : 0px;min-height:345px;}<\/style><\/div><div class=\"fusion-fullwidth fullwidth-box fusion-builder-row-2 fusion-flex-container nonhundred-percent-fullwidth non-hundred-percent-height-scrolling\" style=\"background-color: rgba(255,255,255,0);background-position: center center;background-repeat: no-repeat;border-width: 0px 0px 0px 0px;border-color:#eae9e9;border-style:solid;\" ><div class=\"fusion-builder-row fusion-row fusion-flex-align-items-flex-start\" style=\"max-width:1216.8px;margin-left: calc(-4% \/ 2 );margin-right: calc(-4% \/ 2 );\"><div class=\"fusion-layout-column fusion_builder_column fusion-builder-column-1 fusion_builder_column_1_1 1_1 fusion-flex-column\"><div class=\"fusion-column-wrapper fusion-flex-justify-content-flex-start fusion-content-layout-column\" style=\"background-position:left top;background-repeat:no-repeat;-webkit-background-size:cover;-moz-background-size:cover;-o-background-size:cover;background-size:cover;padding: 0px 0px 0px 0px;\"><style type=\"text\/css\">@media only screen and (max-width:800px) {.fusion-title.fusion-title-1{margin-top:0px!important; margin-right:0px!important;margin-bottom:5px!important;margin-left:0px!important;}}@media only screen and (max-width:640px) {.fusion-title.fusion-title-1{margin-top:0px!important; margin-right:0px!important;margin-bottom:20px!important; margin-left:0px!important;}}<\/style><div class=\"fusion-title title fusion-title-1 fusion-sep-none fusion-title-center fusion-title-text fusion-title-size-two\" style=\"margin-top:0px;margin-right:0px;margin-bottom:5px;margin-left:0px;\"><h2 class=\"title-heading-center fusion-responsive-typography-calculated\" style=\"margin:0;--fontSize:48;line-height:1.25;\"><h1>Datenschutz-Bestimmungen<\/h1><\/h2><\/div><\/div><style type=\"text\/css\">.fusion-body .fusion-builder-column-1{width:100% !important;margin-top : 0px;margin-bottom : 20px;}.fusion-builder-column-1 > .fusion-column-wrapper {padding-top : 0px !important;padding-right : 0px !important;margin-right : 1.92%;padding-bottom : 0px !important;padding-left : 0px !important;margin-left : 1.92%;}@media only screen and (max-width:800px) {.fusion-body .fusion-builder-column-1{width:100% !important;order : 0;}.fusion-builder-column-1 > .fusion-column-wrapper {margin-right : 1.92%;margin-left : 1.92%;}}@media only screen and (max-width:640px) {.fusion-body .fusion-builder-column-1{width:100% !important;order : 0;}.fusion-builder-column-1 > .fusion-column-wrapper {margin-right : 1.92%;margin-left : 1.92%;}}<\/style><\/div><\/div><style type=\"text\/css\">.fusion-body .fusion-flex-container.fusion-builder-row-2{ padding-top : 0px;margin-top : 0px;padding-right : 0px;padding-bottom : 0px;margin-bottom : 0px;padding-left : 0px;}<\/style><\/div><div class=\"fusion-fullwidth fullwidth-box fusion-builder-row-3 fusion-flex-container nonhundred-percent-fullwidth non-hundred-percent-height-scrolling\" style=\"background-color: rgba(255,255,255,0);background-position: center center;background-repeat: no-repeat;border-width: 0px 0px 0px 0px;border-color:#eae9e9;border-style:solid;\" ><div class=\"fusion-builder-row fusion-row fusion-flex-align-items-flex-start\" style=\"max-width:1216.8px;margin-left: calc(-4% \/ 2 );margin-right: calc(-4% \/ 2 );\"><div class=\"fusion-layout-column fusion_builder_column fusion-builder-column-2 fusion_builder_column_1_1 1_1 fusion-flex-column\"><div class=\"fusion-column-wrapper fusion-flex-justify-content-flex-start fusion-content-layout-column\" style=\"background-position:left top;background-repeat:no-repeat;-webkit-background-size:cover;-moz-background-size:cover;-o-background-size:cover;background-size:cover;padding: 0px 0px 0px 0px;\"><div class=\"fusion-text fusion-text-1\"><p><strong>UND<\/strong><\/p>\n<p><strong> [Administrator danych]<\/strong><\/p>\n<p>Der Administrator der personenbezogenen Daten ist Dopak Sp. z o. o., Ul. Sokalska 2, 54-614 Breslau.<\/p>\n<p>Abonnenten k\u00f6nnen den Administrator kontaktieren:<\/p>\n<p>per Post an die oben genannte Adresse des eingetragenen Firmensitzes;<\/p>\n<p>per E-Mail an folgende Adresse: <a href=\"mailto:dopak@dopak.pl\">dopak@dopak.pl<\/a><\/p>\n<p><strong>II<\/strong><\/p>\n<p><strong> [Zwecke, Rechtsgrundlagen und Zeitpunkt der Datenverarbeitung]<\/strong><\/p>\n<p><strong>1. Newsletter<\/strong><\/p>\n<p>a) Der Administrator verarbeitet die E-Mail-Adressen der Newsletter-Abonnenten, um den bestellten Newsletter-Service durchzuf\u00fchren, der elektronisch auf der Grundlage der verf\u00fcgbaren Vorschriften bereitgestellt wird. Der Administrator verarbeitet die Daten:<\/p>\n<ul>\n<li>Vor- und Nachname, Firmenname, E-Mail-Adresse;<\/li>\n<li>Zeichnungsdatum;<\/li>\n<li>Informationen zum Versand von Newslettern.<\/li>\n<\/ul>\n<p>b) Dar\u00fcber hinaus verarbeitet der Administrator die zur Erbringung des Newsletter-Dienstes angegebenen E-Mail-Adressen auch, um den Dienst gem\u00e4\u00df den Vorschriften und dieser Datenschutzerkl\u00e4rung bereitzustellen, insbesondere um \u00fcber \u00c4nderungen in den oben genannten Dokumenten zu informieren.<\/p>\n<p>c) Diese Daten werden gem\u00e4\u00df Art. 6 Abs. 1 lit. 6 Sek. 1 lit. b DSGVO zur Bereitstellung des Newsletter-Dienstes.<\/p>\n<p><strong>2. Beschwerden<\/strong><\/p>\n<p>a) Zur Bearbeitung der Beschwerde verarbeitet der Diensteanbieter die personenbezogenen Daten der Abonnenten, die Beschwerden einreichen, insbesondere die E-Mail-Adresse, den Namen, den Inhalt der Beschwerde, die Umst\u00e4nde des der Beschwerde zugrunde liegenden Ereignisses, die in der Beschwerde erhaltenen Informationen Verlauf der Pr\u00fcfung der Beschwerde, einschlie\u00dflich der Erl\u00e4uterung des Anlasses. Im Zuge der Pr\u00fcfung der Beschwerde kann der Dienstanbieter eine Reihe anderer Informationen verarbeiten, darunter den Vor- und Nachnamen des Benutzers, Informationen \u00fcber die Nutzung des Newsletter-Dienstes durch den Abonnenten, <em>Cookies<\/em> oder andere \u00e4hnliche Technologien, Informationen \u00fcber Ger\u00e4te.<\/p>\n<p>b) Diese Daten werden gem\u00e4\u00df Art. 6 Abs. 1 lit. 6 Sek. 1 lit. b DSGVO zur Bereitstellung des Newsletter-Dienstes, d.h. Vertr\u00e4ge \u00fcber die Erbringung elektronischer Dienstleistungen gem\u00e4\u00df den Vorschriften und werden f\u00fcr die Zeit verarbeitet, die f\u00fcr die Pr\u00fcfung der Beschwerde erforderlich ist, und nicht l\u00e4nger als ein Jahr nach Abschluss des Beschwerdeverfahrens zu Archivierungszwecken gem\u00e4\u00df dem Rechnungslegungsgesetz, wenn dies der Fall ist zur Abwehr etwaiger Anspr\u00fcche gegen den Diensteanbieter nach Ma\u00dfgabe der nachfolgenden Informationen erforderlich ist.<\/p>\n<p><strong>3. Aufkl\u00e4rungsverfahren, Anspr\u00fcche verfolgen<\/strong><\/p>\n<p>a) Im Falle einer Untersuchung bez\u00fcglich eines m\u00f6glichen Versto\u00dfes gegen die Bestimmungen der Verordnung oder des Gesetzes, der Regeln des sozialen Zusammenlebens oder der guten Sitten kann der Administrator die personenbezogenen Daten bestimmter Abonnenten bis zum Ende des anh\u00e4ngigen Verfahrens verarbeiten und bis zum Ablauf der Verj\u00e4hrungsfrist f\u00fcr die Anspr\u00fcche des Verwalters gegen den Abonnenten, die in der Regel 3 Jahre betr\u00e4gt, in gesetzlich vorgesehenen Sonderf\u00e4llen jedoch auch l\u00e4nger sein kann.<\/p>\n<p>b) Die Daten werden dann verarbeitet, einschlie\u00dflich zur Verf\u00fcgung gestellt gem\u00e4\u00df Art. 6 Sek. 1 lit. f DSGVO, d.h. im berechtigten Interesse des Administrators, der darin besteht, seine Anspr\u00fcche gegen\u00fcber dem Benutzer geltend zu machen. Das berechtigte Interesse des Administrators<\/p>\n<p>es hat dann Vorrang vor den Rechten und Freiheiten des Abonnenten.<\/p>\n<p><strong>III<\/strong><\/p>\n<p><strong> [Odbiorcy danych subskrybent\u00f3w]<\/strong><\/p>\n<p>Der Administrator gibt die personenbezogenen Daten der Abonnenten nur an Verarbeiter im Rahmen der abgeschlossenen Vertr\u00e4ge zur Beauftragung der Verarbeitung personenbezogener Daten zum Zweck der Erbringung von Dienstleistungen f\u00fcr den Administrator weiter, z.B. Hosting und Betrieb der Website, IT-Dienstleistungen, Marketing- und PR-Dienstleistungen, Rechts- oder Beratungsdienste Dienstleistungen.<\/p>\n<p><strong>IV<\/strong><\/p>\n<p><strong> [Przesy\u0142anie danych osobowych do pa\u0144stw trzecich]<\/strong><\/p>\n<p>Personenbezogene Daten werden nicht in Drittl\u00e4ndern verarbeitet.<\/p>\n<p><strong>v<\/strong><\/p>\n<p><strong> [Rechte von Personen, deren personenbezogene Daten betroffen sind]<\/strong><\/p>\n<p>1. Jede betroffene Person hat das Recht:<\/p>\n<ul>\n<li><strong>Zugriff<\/strong> &#8211; Erhalt der Best\u00e4tigung des Administrators, ob seine personenbezogenen Daten verarbeitet werden oder nicht. Wenn Daten \u00fcber eine Person verarbeitet werden, hat diese das Recht, auf diese zuzugreifen und folgende Informationen zu erhalten: \u00fcber die Verarbeitungszwecke, Kategorien personenbezogener Daten, Empf\u00e4nger oder Kategorien von Empf\u00e4ngern, gegen\u00fcber denen die Daten offengelegt wurden oder werden, \u00fcber den Zeitraum der Datenspeicherung oder der Kriterien f\u00fcr deren Festlegung, auf das Recht, die Berichtigung, L\u00f6schung oder Einschr\u00e4nkung der Verarbeitung personenbezogener Daten der betroffenen Person zu verlangen sowie Widerspruch gegen diese Verarbeitung einzulegen (Art. 15 DSGVO);<\/li>\n<li><strong>eine Kopie der Daten<\/strong> zu erhalten &#8211; eine Kopie der zu verarbeitenden Daten zu erhalten, wobei die erste Kopie kostenlos ist und der Administrator f\u00fcr weitere Kopien eine angemessene Geb\u00fchr erheben kann, die sich aus Verwaltungskosten ergibt (Artikel 15 Absatz 3 der der DSGVO);<\/li>\n<li><strong>auf Berichtigung<\/strong> \u2013 Aufforderung zur Berichtigung unrichtiger sie betreffender personenbezogener Daten oder zur Erg\u00e4nzung unvollst\u00e4ndiger Daten (Artikel 16 DSGVO);<\/li>\n<li><strong>Daten zu l\u00f6schen<\/strong> &#8211; Antrag auf L\u00f6schung ihrer personenbezogenen Daten, wenn der Administrator keine Rechtsgrundlage mehr f\u00fcr ihre Verarbeitung hat oder die Daten f\u00fcr die Zwecke der Verarbeitung nicht mehr erforderlich sind (Artikel 17 der DSGVO);<\/li>\n<li><strong>Einschr\u00e4nkung der Verarbeitung<\/strong> \u2013 Antr\u00e4ge auf Einschr\u00e4nkung der Verarbeitung personenbezogener Daten (Artikel 18 der DSGVO), wenn:<\/li>\n<\/ul>\n<p><strong>a)<\/strong> die betroffene Person die Richtigkeit der personenbezogenen Daten in Frage stellt \u2013 f\u00fcr eine Dauer, die es dem Verantwortlichen erm\u00f6glicht, die Richtigkeit der Daten zu \u00fcberpr\u00fcfen,<\/p>\n<p><strong>b)<\/strong> die Verarbeitung unrechtm\u00e4\u00dfig ist und die betroffene Person sich der Entfernung widersetzt und die Einschr\u00e4nkung ihrer Nutzung verlangt,<\/p>\n<p><strong>c)<\/strong> der Verantwortliche diese Daten nicht mehr ben\u00f6tigt, die betroffene Person sie jedoch zur Geltendmachung, Geltendmachung oder Verteidigung von Anspr\u00fcchen ben\u00f6tigt,<\/p>\n<p><strong>d)<\/strong> die betroffene Person hat Widerspruch gegen die Verarbeitung eingelegt \u2013 bis zur \u00dcberpr\u00fcfung, ob die berechtigten Gr\u00fcnde des Verantwortlichen gegen\u00fcber denen der betroffenen Person \u00fcberwiegen;<\/p>\n<ul>\n<li><strong>f\u00fcr die Daten\u00fcbertragbarkeit<\/strong> &#8211; Erhalt der ihn betreffenden personenbezogenen Daten, die er dem Administrator zur Verf\u00fcgung gestellt hat, in einem strukturierten, allgemein gebr\u00e4uchlichen und maschinenlesbaren Format und Anforderung der \u00dcbermittlung dieser Daten an einen anderen Administrator, wenn die Datenverarbeitung auf der Grundlage der Zustimmung der Daten erfolgt Gegenstand oder ein mit ihm geschlossener Vertrag und wenn die Daten automatisiert verarbeitet werden (Artikel 20 DSGVO);<\/li>\n<li><strong>zu widersprechen<\/strong> &#8211; der Verarbeitung ihrer personenbezogenen Daten f\u00fcr die legitimen Zwecke des Administrators aus Gr\u00fcnden, die mit ihrer besonderen Situation zusammenh\u00e4ngen, einschlie\u00dflich Profiling, zu widersprechen. Dann pr\u00fcft der Verantwortliche, ob g\u00fcltige, legitime Gr\u00fcnde f\u00fcr die Verarbeitung vorliegen, die die Interessen, Rechte und Freiheiten der betroffenen Personen \u00fcberwiegen, oder die Gr\u00fcnde f\u00fcr die Geltendmachung, Untersuchung oder Verteidigung von Anspr\u00fcchen. \u00dcberwiegen nach der Pr\u00fcfung die Interessen der betroffenen Person die des Verantwortlichen, ist der Verantwortliche verpflichtet, die Verarbeitung der Daten zu diesen Zwecken einzustellen (Art. 21 DSGVO).<\/li>\n<\/ul>\n<p>2. Um die oben genannten Rechte auszu\u00fcben, sollte die betroffene Person den Administrator unter Verwendung der angegebenen Kontaktdaten kontaktieren und ihm mitteilen, welches Recht und in welchem Umfang er aus\u00fcben m\u00f6chte.<\/p>\n<p><strong>VI<\/strong><\/p>\n<p><strong> [Prezes Urz\u0119du Ochrony Danych Osobowych]<\/strong><\/p>\n<p>Die betroffene Person hat das Recht, eine Beschwerde bei der Aufsichtsbeh\u00f6rde einzureichen, die in Polen der Pr\u00e4sident des Amtes f\u00fcr den Schutz personenbezogener Daten mit Sitz in Warschau, ul. Stawki 2, das wie folgt kontaktiert werden kann:<\/p>\n<p>per Brief: ul. Stawki 2, 00-193 Warschau;<\/p>\n<p>\u00fcber den elektronischen Posteingang unter: https:\/\/www.uodo.gov.pl\/pl\/p\/kontakt;<\/p>\n<p>per Telefon: (22) 531 03 00.<\/p>\n<p><strong>VII<\/strong><\/p>\n<p><strong> [Inspektor ochrony danych]<\/strong><\/p>\n<p>In jedem Fall kann sich die betroffene Person auch direkt an den Datenschutzbeauftragten des f\u00fcr die Verarbeitung Verantwortlichen wenden:<\/p>\n<p>per E-Mail an folgende E-Mail-Adresse: iod @ pl;<\/p>\n<p>an die oben genannte Korrespondenzadresse mit dem Vermerk: Datenschutzbeauftragter.<\/p>\n<p><strong>VIII<\/strong><\/p>\n<p><strong> [Zmiany polityki prywatno\u015bci]<\/strong><\/p>\n<ol>\n<li>Die Datenschutzerkl\u00e4rung kann gem\u00e4\u00df den aktuellen Bed\u00fcrfnissen des Administrators erg\u00e4nzt oder aktualisiert werden, um den Abonnenten aktuelle und zuverl\u00e4ssige Informationen zu ihren pers\u00f6nlichen Daten und Informationen \u00fcber sie bereitzustellen. Abonnenten werden \u00fcber \u00c4nderungen der Datenschutzerkl\u00e4rung per E-Mail an die f\u00fcr die Umsetzung des Kontaktformulars oder des Newsletter-Dienstes angegebene Adresse informiert.<\/li>\n<\/ol>\n<p><strong>IX<\/strong><\/p>\n<p><strong> [Akty prawne przywo\u0142ywane w klauzuli]<\/strong><\/p>\n<p>DSGVO &#8211; Verordnung (EU) 2016\/679 des Europ\u00e4ischen Parlaments und des Rates vom 27. April 2016 zum Schutz nat\u00fcrlicher Personen bei der Verarbeitung personenbezogener Daten, zum freien Datenverkehr und zur Aufhebung der Richtlinie 95\/46\/EG (ABl. UE L 2016 Nr. 119, S. 1);<\/p>\n<p>Kunst. 74 Sek. 2 Punkt 6 des Gesetzes vom 29. September 1994. zur Rechnungslegung (d. h. Gesetzblatt von 2018, Punkt 395 in der ge\u00e4nderten Fassung).<\/p>\n<\/div><\/div><style type=\"text\/css\">.fusion-body .fusion-builder-column-2{width:100% !important;margin-top : 0px;margin-bottom : 20px;}.fusion-builder-column-2 > .fusion-column-wrapper {padding-top : 0px !important;padding-right : 0px !important;margin-right : 1.92%;padding-bottom : 0px !important;padding-left : 0px !important;margin-left : 1.92%;}@media only screen and (max-width:800px) {.fusion-body .fusion-builder-column-2{width:100% !important;order : 0;}.fusion-builder-column-2 > .fusion-column-wrapper {margin-right : 1.92%;margin-left : 1.92%;}}@media only screen and (max-width:640px) {.fusion-body .fusion-builder-column-2{width:100% !important;order : 0;}.fusion-builder-column-2 > .fusion-column-wrapper {margin-right : 1.92%;margin-left : 1.92%;}}<\/style><\/div><\/div><style type=\"text\/css\">.fusion-body .fusion-flex-container.fusion-builder-row-3{ padding-top : 0px;margin-top : 0px;padding-right : 0px;padding-bottom : 0px;margin-bottom : 0px;padding-left : 0px;}<\/style><\/div><\/p>\n","protected":false},"excerpt":{"rendered":"","protected":false},"author":1,"featured_media":0,"parent":0,"menu_order":0,"comment_status":"closed","ping_status":"closed","template":"100-width.php","meta":{"footnotes":""},"class_list":["post-6779","page","type-page","status-publish","hentry"],"_links":{"self":[{"href":"https:\/\/dopak.pl\/de\/wp-json\/wp\/v2\/pages\/6779","targetHints":{"allow":["GET"]}}],"collection":[{"href":"https:\/\/dopak.pl\/de\/wp-json\/wp\/v2\/pages"}],"about":[{"href":"https:\/\/dopak.pl\/de\/wp-json\/wp\/v2\/types\/page"}],"author":[{"embeddable":true,"href":"https:\/\/dopak.pl\/de\/wp-json\/wp\/v2\/users\/1"}],"replies":[{"embeddable":true,"href":"https:\/\/dopak.pl\/de\/wp-json\/wp\/v2\/comments?post=6779"}],"version-history":[{"count":6,"href":"https:\/\/dopak.pl\/de\/wp-json\/wp\/v2\/pages\/6779\/revisions"}],"predecessor-version":[{"id":6794,"href":"https:\/\/dopak.pl\/de\/wp-json\/wp\/v2\/pages\/6779\/revisions\/6794"}],"wp:attachment":[{"href":"https:\/\/dopak.pl\/de\/wp-json\/wp\/v2\/media?parent=6779"}],"curies":[{"name":"wp","href":"https:\/\/api.w.org\/{rel}","templated":true}]}}