{"id":6790,"date":"2022-01-20T15:54:31","date_gmt":"2022-01-20T14:54:31","guid":{"rendered":"https:\/\/dopak.pl\/bestimmungen-des-dopak-newsletters\/"},"modified":"2022-06-13T22:45:12","modified_gmt":"2022-06-13T20:45:12","slug":"bestimmungen-des-dopak-newsletters","status":"publish","type":"page","link":"https:\/\/dopak.pl\/de\/bestimmungen-des-dopak-newsletters\/","title":{"rendered":"Bestimmungen des Dopak-Newsletters"},"content":{"rendered":"<p><div class=\"fusion-fullwidth fullwidth-box fusion-builder-row-1 fusion-flex-container fusion-parallax-none hundred-percent-fullwidth non-hundred-percent-height-scrolling\" style=\"background-color: #939393;background-image: url(&quot;https:\/\/dopak.pl\/wp-content\/uploads\/2022\/01\/2048x700-newsletter-1-1024x350.jpg&quot;);background-position: center center;background-repeat: no-repeat;background-blend-mode: screen;border-width: 0 0 0 0;border-color:#ffffff;border-style:solid;-webkit-background-size:cover;-moz-background-size:cover;-o-background-size:cover;background-size:cover;\" ><div class=\"fusion-builder-row fusion-row fusion-flex-align-items-flex-start fusion-flex-align-content-center\" style=\"width:104% !important;max-width:104% !important;margin-left: calc(-4% \/ 2 );margin-right: calc(-4% \/ 2 );\"><div class=\"fusion-layout-column fusion_builder_column fusion-builder-column-0 fusion_builder_column_1_1 1_1 fusion-flex-column\"><div class=\"fusion-column-wrapper fusion-flex-justify-content-flex-start fusion-content-layout-column\" style=\"background-position:left top;background-repeat:no-repeat;-webkit-background-size:cover;-moz-background-size:cover;-o-background-size:cover;background-size:cover;padding: 0px 0px 0px 0px;\"><style type=\"text\/css\">.fusion-breadcrumbs.fusion-breadcrumbs-1{font-size:14px;}.fusion-breadcrumbs.fusion-breadcrumbs-1 span a:hover{color:#1a80b6 !important;}.fusion-breadcrumbs.fusion-breadcrumbs-1{color:#000000;}.fusion-breadcrumbs.fusion-breadcrumbs-1 a{color:#000000;}<\/style><div class=\"fusion-breadcrumbs fusion-breadcrumbs-1\" style=\"margin-top:15px;text-align:center;\"><span><span><a href=\"https:\/\/dopak.pl\/de\/dopak-sp-z-o-o\/\">Dopak Sp. z o.o.<\/a><\/span><\/span><\/div><\/div><style type=\"text\/css\">.fusion-body .fusion-builder-column-0{width:100% !important;margin-top : 0px;margin-bottom : 20px;}.fusion-builder-column-0 > .fusion-column-wrapper {padding-top : 0px !important;padding-right : 0px !important;margin-right : 1.92%;padding-bottom : 0px !important;padding-left : 0px !important;margin-left : 1.92%;}@media only screen and (max-width:800px) {.fusion-body .fusion-builder-column-0{width:100% !important;order : 0;}.fusion-builder-column-0 > .fusion-column-wrapper {margin-right : 1.92%;margin-left : 1.92%;}}@media only screen and (max-width:640px) {.fusion-body .fusion-builder-column-0{width:100% !important;order : 0;}.fusion-builder-column-0 > .fusion-column-wrapper {margin-right : 1.92%;margin-left : 1.92%;}}<\/style><\/div><\/div><style type=\"text\/css\">.fusion-body .fusion-flex-container.fusion-builder-row-1{ padding-top : 120px;margin-top : 0px;padding-right : 0px;padding-bottom : 0px;margin-bottom : 0px;padding-left : 0px;min-height:345px;}<\/style><\/div><div class=\"fusion-fullwidth fullwidth-box fusion-builder-row-2 fusion-flex-container nonhundred-percent-fullwidth non-hundred-percent-height-scrolling\" style=\"background-color: rgba(255,255,255,0);background-position: center center;background-repeat: no-repeat;border-width: 0px 0px 0px 0px;border-color:#eae9e9;border-style:solid;\" ><div class=\"fusion-builder-row fusion-row fusion-flex-align-items-flex-start\" style=\"max-width:1216.8px;margin-left: calc(-4% \/ 2 );margin-right: calc(-4% \/ 2 );\"><div class=\"fusion-layout-column fusion_builder_column fusion-builder-column-1 fusion_builder_column_1_1 1_1 fusion-flex-column\"><div class=\"fusion-column-wrapper fusion-flex-justify-content-flex-start fusion-content-layout-column\" style=\"background-position:left top;background-repeat:no-repeat;-webkit-background-size:cover;-moz-background-size:cover;-o-background-size:cover;background-size:cover;padding: 0px 0px 0px 0px;\"><style type=\"text\/css\">@media only screen and (max-width:800px) {.fusion-title.fusion-title-1{margin-top:0px!important; margin-right:0px!important;margin-bottom:5px!important;margin-left:0px!important;}}@media only screen and (max-width:640px) {.fusion-title.fusion-title-1{margin-top:0px!important; margin-right:0px!important;margin-bottom:20px!important; margin-left:0px!important;}}<\/style><div class=\"fusion-title title fusion-title-1 fusion-sep-none fusion-title-center fusion-title-text fusion-title-size-two\" style=\"margin-top:0px;margin-right:0px;margin-bottom:5px;margin-left:0px;\"><h2 class=\"title-heading-center fusion-responsive-typography-calculated\" style=\"margin:0;--fontSize:48;line-height:1.25;\"><h1>Bestimmungen des Dopak-Newsletters<\/h1><\/h2><\/div><\/div><style type=\"text\/css\">.fusion-body .fusion-builder-column-1{width:100% !important;margin-top : 0px;margin-bottom : 20px;}.fusion-builder-column-1 > .fusion-column-wrapper {padding-top : 0px !important;padding-right : 0px !important;margin-right : 1.92%;padding-bottom : 0px !important;padding-left : 0px !important;margin-left : 1.92%;}@media only screen and (max-width:800px) {.fusion-body .fusion-builder-column-1{width:100% !important;order : 0;}.fusion-builder-column-1 > .fusion-column-wrapper {margin-right : 1.92%;margin-left : 1.92%;}}@media only screen and (max-width:640px) {.fusion-body .fusion-builder-column-1{width:100% !important;order : 0;}.fusion-builder-column-1 > .fusion-column-wrapper {margin-right : 1.92%;margin-left : 1.92%;}}<\/style><\/div><\/div><style type=\"text\/css\">.fusion-body .fusion-flex-container.fusion-builder-row-2{ padding-top : 0px;margin-top : 0px;padding-right : 0px;padding-bottom : 0px;margin-bottom : 0px;padding-left : 0px;}<\/style><\/div><div class=\"fusion-fullwidth fullwidth-box fusion-builder-row-3 fusion-flex-container nonhundred-percent-fullwidth non-hundred-percent-height-scrolling\" style=\"background-color: rgba(255,255,255,0);background-position: center center;background-repeat: no-repeat;border-width: 0px 0px 0px 0px;border-color:#eae9e9;border-style:solid;\" ><div class=\"fusion-builder-row fusion-row fusion-flex-align-items-flex-start\" style=\"max-width:1216.8px;margin-left: calc(-4% \/ 2 );margin-right: calc(-4% \/ 2 );\"><div class=\"fusion-layout-column fusion_builder_column fusion-builder-column-2 fusion_builder_column_1_1 1_1 fusion-flex-column\"><div class=\"fusion-column-wrapper fusion-flex-justify-content-flex-start fusion-content-layout-column\" style=\"background-position:left top;background-repeat:no-repeat;-webkit-background-size:cover;-moz-background-size:cover;-o-background-size:cover;background-size:cover;padding: 0px 0px 0px 0px;\"><div class=\"fusion-text fusion-text-1\"><p><strong>F\u00fcr ab dem 1. Januar 2021 abgeschlossene Vertr\u00e4ge gelten die Bestimmungen zum privilegierten Unternehmer.<\/strong><\/p>\n<p><strong>INHALT<\/strong><br \/>\n<strong>\u00a7 1<\/strong> Definitionen<br \/>\n<strong>\u00a7 2<\/strong> Newsletter<br \/>\n<strong>\u00a7 3<\/strong> Reklamationen<br \/>\n<strong>\u00a7 4<\/strong> Personenbezogene Daten<br \/>\n<strong>\u00a7 5<\/strong> Schlussbestimmungen<\/p>\n<p><strong>\u00a7 1. DEFINITIONEN<\/strong><\/p>\n<ol>\n<li><strong>Verbraucher<\/strong> &#8211; ein Verbraucher im Sinne der Bestimmungen des B\u00fcrgerlichen Gesetzbuches.<\/li>\n<li><strong>Newsletter<\/strong> &#8211; ein kostenloser, elektronisch erbrachter Service, dank dem der Service-Empf\u00e4nger vom Service-Provider elektronisch zuvor bestellte Nachrichten \u00fcber das Angebot von Dopak Sp. z o. o., einschlie\u00dflich Text- und Videoinformationen mit Leitcharakter, Werbeaktionen und neuen Produkten, sowie das Sortiment der Dopak Sp. z o. o<\/li>\n<li><strong>Bevorzugter Unternehmer<\/strong> &#8211; eine nat\u00fcrliche Person, juristische Person oder eine Organisationseinheit, die keine juristische Person ist, der ein separates Gesetz die Rechtsf\u00e4higkeit verleiht, eine wirtschaftliche T\u00e4tigkeit aus\u00fcbt, einen Vertrag mit dem Verk\u00e4ufer abschlie\u00dft, der sich direkt auf seine Gesch\u00e4ftst\u00e4tigkeit bezieht, aber nicht hat einen beruflichen Charakter (die Definition gilt f\u00fcr Vertr\u00e4ge, die ab dem 1. Januar 2021 abgeschlossen werden).<\/li>\n<li><strong>Unternehmer<\/strong> &#8211; eine nat\u00fcrliche Person, eine juristische Person oder eine Organisationseinheit, die keine juristische Person ist, deren Rechtsf\u00e4higkeit durch einen gesonderten Akt verliehen wird, die eine Gesch\u00e4ftst\u00e4tigkeit aus\u00fcbt, einen Vertrag mit dem Verk\u00e4ufer abschlie\u00dft, der in direktem Zusammenhang mit ihrer Gesch\u00e4ftst\u00e4tigkeit steht, eine professionelle Natur f\u00fcr ihn haben.<\/li>\n<li><strong>Gesch\u00e4ft<\/strong> &#8211; Online-Shop Sklep Internet Dopak Sp. z o. o. betrieben vom Dienstleister unter <a href=\"https:\/\/sklep243061.shoparena.pl\">https:\/\/sklep243061.shoparena.pl<\/a><\/li>\n<li><strong>Empf\u00e4nger<\/strong> \u2013 jede juristische Person, die den Newsletter-Dienst nutzt.<\/li>\n<li><strong>Empf\u00e4nger<\/strong> &#8211; Verbraucher, privilegierter Unternehmer oder Unternehmer.<\/li>\n<li><strong>Dienstleister<\/strong> &#8211; &#8222;DOPAK&#8220; SP\u00d3\u0141KA Z OGRANICZON\u0104 ODPOWIEDZIALNO\u015aCI\u0104 mit Sitz in der ul. Sokalska 2, 54-614 Wroc\u0142aw, eingetragen in das Landesgerichtsregister \u2013 das Unternehmerregister beim Bezirksgericht f\u00fcr die WERKE WROC\u0141AW IN WROC\u0141AW, 6. Wirtschaftsabteilung des Landesgerichtsregisters, unter der KRS-Nummer 0000153515, NIP-Nummer: PLN 69500000, NIP Nummer: PLN 69500001687304, Firmennummer .<\/li>\n<\/ol>\n<p><strong>\u00a7 2. Newsletter<\/strong><\/p>\n<ol>\n<li>Der Serviceempf\u00e4nger kann den Newsletter-Service freiwillig nutzen.<\/li>\n<li>Um den Newsletter-Service nutzen zu k\u00f6nnen, ben\u00f6tigen Sie ein Ger\u00e4t mit der neuesten Version eines Webbrowsers, der JavaScript und Cookies unterst\u00fctzt, mit Zugang zum Internet und einem aktiven E-Mail-Konto.<\/li>\n<li>E-Mail-Nachrichten, die im Rahmen dieses Dienstes versendet werden, werden an die E-Mail-Adresse gesendet, die der Kunde bei der Anmeldung zum Newsletter angegeben hat.<\/li>\n<li>F\u00fcr den Vertragsabschluss und die Anmeldung zum Newsletter-Dienst gibt der Leistungsempf\u00e4nger im ersten Schritt seine E-Mail-Adresse an, an die er die im Rahmen des Newsletters versandten Nachrichten erhalten m\u00f6chte. Zum Zeitpunkt der Anmeldung zum Newsletter kommt ein Vertrag \u00fcber die Erbringung der Dienstleistung zustande und der Dienstleister beginnt mit der Bereitstellung an den Dienstleistungsempf\u00e4nger \u2013 vorbehaltlich \u00a72 Abs. 5 des Reglements.<\/li>\n<li>F\u00fcr die ordnungsgem\u00e4\u00dfe Durchf\u00fchrung des Newsletter-Dienstes ist der Dienstleistungsempf\u00e4nger verpflichtet, seine korrekte E-Mail-Adresse anzugeben.<\/li>\n<li>Die im Rahmen des Newsletters versendeten Nachrichten enthalten Informationen \u00fcber die M\u00f6glichkeit zur Abmeldung sowie einen Link zur Abmeldung.<\/li>\n<li>Der Servicenehmer kann den Newsletter jederzeit ohne Angabe von Gr\u00fcnden und ohne Kostenfolge \u00fcber die in Ziffer 2 genannte M\u00f6glichkeit abbestellen. 6 der Ordnung oder durch Senden einer Nachricht an die E-Mail-Adresse des Dienstleisters: <a href=\"mailto:dopak@dopak.pl\">dopak@dopak.pl<\/a> .<\/li>\n<li>Die Nutzung des Links zur Abbestellung des Newsletters durch den Kunden oder die Zusendung einer Nachricht mit der Aufforderung zur Abbestellung des Newsletters f\u00fchrt zur sofortigen K\u00fcndigung des Vertrages \u00fcber die Erbringung dieser Dienstleistung.<\/li>\n<\/ol>\n<p><strong>\u00a7 3. Beschwerden<\/strong><\/p>\n<ol>\n<li>Beschwerden \u00fcber den Newsletter sollten dem Dienstleister unter folgender E-Mail-Adresse gemeldet werden: <a href=\"mailto:dopak@dopak.pl\">dopak@dopak.pl<\/a> .<\/li>\n<li>Der Dienstleister wird auf die Beschwerde innerhalb von 14 Tagen nach Erhalt der Beschwerde antworten.<\/li>\n<li>F\u00fcr den Fall, dass das Beschwerdeverfahren nicht das vom Dienstleistungsempf\u00e4nger erwartete Ergebnis bringt, kann der Dienstleistungsempf\u00e4nger Folgendes verwenden:\n<ul>\n<li>aus der Schlichtung, die von der zust\u00e4ndigen Woiwodschaftsinspektion f\u00fcr Handelsinspektion durchgef\u00fchrt wird, bei der Sie die Schlichtung beantragen m\u00fcssen. Das Verfahren ist in der Regel kostenlos. Die Liste der Aufsichtsbeh\u00f6rden ist hier verf\u00fcgbar: https:\/\/www.uokik.gov.pl\/wazne_adresy.php#faq595;<\/li>\n<li>im Fall des Dienstleistungsempf\u00e4ngers, der ein Verbraucher ist, mit Hilfe des zust\u00e4ndigen \u00f6rtlichen st\u00e4ndigen Verbrauchergerichts, das bei der Woiwodschaftsinspektion f\u00fcr Handelsinspektion t\u00e4tig ist, an das ein Antrag auf Pr\u00fcfung des Falls vor einem Schiedsgericht gestellt werden sollte. Das Verfahren ist in der Regel kostenlos. Die Liste der Gerichte ist verf\u00fcgbar unter: https:\/\/www.uokik.gov.pl\/wazne_adresy.php#faq596;<\/li>\n<li>im Fall des Leistungsempf\u00e4ngers, der ein Verbraucher ist, aus der kostenlosen Hilfe des Verbraucherombudsmanns der Gemeinde oder des Kreises;<\/li>\n<li>von der ODR-Internetplattform, verf\u00fcgbar unter: https:\/\/ec.europa.eu\/consumers\/odr\/main\/?event=main.home.howitworks.<\/li>\n<\/ul>\n<\/li>\n<\/ol>\n<p><strong>\u00a7 4. pers\u00f6nliche Daten<\/strong><\/p>\n<ol>\n<li>Der Verwalter der personenbezogenen Daten, die der Servicenutzer im Zusammenhang mit dem Abonnement des Newsletters bereitstellt, ist der Serviceanbieter. Ausf\u00fchrliche Informationen zur Verarbeitung personenbezogener Daten durch den Dienstleister \u2013 einschlie\u00dflich anderer Zwecke und Gr\u00fcnde f\u00fcr die Datenverarbeitung sowie der Datenempf\u00e4nger \u2013 finden Sie in der im Shop verf\u00fcgbaren Datenschutzrichtlinie \u2013 aufgrund des Transparenzprinzips, das in der enthalten ist Allgemeine Verordnung des Europ\u00e4ischen Parlaments und des Rates (EU) zum Datenschutz \u2013 \u201e<strong>DSGVO<\/strong> \u201c.<\/li>\n<li>Der Administrator verarbeitet die Daten:\n<ul>\n<li>Vorname und Nachname;<\/li>\n<li>angegebene E-Mail-Adresse;<\/li>\n<li>Name der Firma;<\/li>\n<li>Zeichnungsdatum;<\/li>\n<li>Informationen zum Versand von Newslettern.<\/li>\n<\/ul>\n<\/li>\n<li>Der Zweck der Verarbeitung der Daten des Leistungsempf\u00e4ngers gem\u00e4\u00df \u00a72 Abs. 4 der Ordnung erfolgt der Versand des Newsletters. Die Daten des Leistungsempf\u00e4ngers werden gem <a href=\"https:\/\/sip.legalis.pl\/document-view.seam?documentId=mfrxilrtgm2tsnrrguytsltqmfyc4mzuhaztimrwgy\"> 6 Sek. 1 lit. b <\/a>DSGVO, um den Newsletter-Service bereitzustellen.<\/li>\n<li>Der Administrator stellt die personenbezogenen Daten des K\u00e4ufers in folgenden F\u00e4llen zur Verf\u00fcgung:\n<ul>\n<li>wenn sich eine solche Verpflichtung aus den Bestimmungen des anwendbaren Rechts ergibt, einschlie\u00dflich an die nationale Steuerverwaltung, Gerichtsvollzieher, andere staatliche Beh\u00f6rden; Postunternehmen, Kurierunternehmen.<\/li>\n<li>Dar\u00fcber hinaus k\u00f6nnen die personenbezogenen Daten des K\u00e4ufers auf der Grundlage eines abgeschlossenen Vertrags \u00fcber die Beauftragung der Verarbeitung personenbezogener Daten an Verarbeitungsunternehmen im Namen und im Auftrag des Administrators weitergegeben werden, um im Vertrag festgelegte Dienstleistungen zu erbringen, z.<\/li>\n<\/ul>\n<\/li>\n<\/ol>\n<p>&#8211; IKT-Dienstleistungen wie Hosting, Bereitstellung oder Wartung von IT-Systemen;<\/p>\n<p>&#8211; Benutzer dienste;<\/p>\n<p>&#8211; traditioneller Postdienst, Rezeption;<\/p>\n<p>&#8211; Rechts- und Beratungsdienste.<\/p>\n<ol start=\"5\">\n<li>Die Bereitstellung von Daten durch den Dienstleistungsempf\u00e4nger ist freiwillig, aber gleichzeitig f\u00fcr die Bereitstellung des Newsletter-Dienstes erforderlich. Die Nichtbereitstellung von Daten bedeutet, dass der Dienstanbieter diesen Dienst nicht erbringen kann.<\/li>\n<li>Die Daten des Dienstleistungsempf\u00e4ngers werden verarbeitet, bis:\n<ul>\n<li>der Leistungsempf\u00e4nger den Newsletter abbestellt;<\/li>\n<li>die M\u00f6glichkeit, Anspr\u00fcche des Leistungsempf\u00e4ngers oder Leistungserbringers im Zusammenhang mit dem Newsletter geltend zu machen, entf\u00e4llt;<\/li>\n<li>Der Widerspruch des Kunden gegen die Verarbeitung seiner personenbezogenen Daten wird akzeptiert &#8211; wenn die Grundlage f\u00fcr die Datenverarbeitung das berechtigte Interesse des Dienstleisters war<\/li>\n<\/ul>\n<\/li>\n<\/ol>\n<p>&#8211; je nachdem, was im Einzelfall zutrifft und was sp\u00e4testens passieren wird.<\/p>\n<ol start=\"7\">\n<li>Der Dienstleistungsempf\u00e4nger hat das Recht zu verlangen:\n<ul>\n<li>Zugriff auf Ihre personenbezogenen Daten,<\/li>\n<li>sie zu korrigieren,<\/li>\n<li>Streichung,<\/li>\n<li>Verarbeitungsbeschr\u00e4nkungen,<\/li>\n<li>\u00dcbertragung von Daten an einen anderen Administrator<br \/>\nsowie das Gesetz:<\/li>\n<li>Widerspruch gegen die Verarbeitung von Daten aus Gr\u00fcnden, die sich aus der besonderen Situation des Dienstleistungsempf\u00e4ngers ergeben \u2013 gegen die Verarbeitung personenbezogener Daten, die ihn betreffen, basierend auf Art. 6 Sek. 1 lit. f DSGVO (d. h. auf den vom Administrator verfolgten berechtigten Interessen).<\/li>\n<\/ul>\n<\/li>\n<li>Um seine Rechte auszu\u00fcben, sollte sich der Dienstleistungsempf\u00e4nger an den Dienstleistungserbringer wenden.<\/li>\n<li>Wenn der Dienstleistungsempf\u00e4nger der Ansicht ist, dass seine Daten rechtswidrig verarbeitet werden, kann der Dienstleistungsempf\u00e4nger eine Beschwerde beim Pr\u00e4sidenten des Amtes f\u00fcr den Schutz personenbezogener Daten einreichen.<\/li>\n<\/ol>\n<p><strong>\u00a7 5. Schlussbestimmungen<\/strong><\/p>\n<ol>\n<li>Der Dienstleister beh\u00e4lt sich das Recht vor, diese Bestimmungen nur aus wichtigem Grund zu \u00e4ndern. Ein wichtiger Grund ist die Notwendigkeit, die Vorschriften aufgrund der Modernisierung des Newsletter-Dienstes oder einer Gesetzes\u00e4nderung zu \u00e4ndern, die sich auf die Bereitstellung des Dienstes durch den Dienstleister auswirken.<\/li>\n<li>Informationen \u00fcber die geplante \u00c4nderung der Vorschriften werden mindestens 7 Kalendertage vor Inkrafttreten der \u00c4nderungen an die bei der Newsletter-Anmeldung angegebene E-Mail-Adresse des Kunden gesendet.<\/li>\n<li>Widerspricht der Leistungsempf\u00e4nger den geplanten \u00c4nderungen bis zu deren Inkrafttreten nicht, wird davon ausgegangen, dass er sie akzeptiert.<\/li>\n<li>In Ermangelung einer Zustimmung zu den geplanten \u00c4nderungen sollte der Dienstleistungsempf\u00e4nger Informationen dar\u00fcber an die E-Mail-Adresse des Dienstleisters senden: <a href=\"mailto:sklep@dopak.pl\">dopak@dopak.pl<\/a> , was zur Beendigung des Dienstleistungsvertrags mit Inkrafttreten der f\u00fchrt geplante \u00c4nderungen.<\/li>\n<li>Dem Kunden ist es untersagt, rechtswidrige Inhalte bereitzustellen.<\/li>\n<li>Der Vertrag \u00fcber die Bereitstellung des Newsletter-Dienstes wird in polnischer Sprache geschlossen.<\/li>\n<li>Im Falle einer m\u00f6glichen Streitigkeit mit dem Servicenutzer ist das ordentliche Gericht, das f\u00fcr die Streitigkeit zust\u00e4ndig ist, das Gericht, das f\u00fcr den Sitz des Serviceanbieters sachlich und \u00f6rtlich zust\u00e4ndig ist.<\/li>\n<\/ol>\n<\/div><\/div><style type=\"text\/css\">.fusion-body .fusion-builder-column-2{width:100% !important;margin-top : 0px;margin-bottom : 20px;}.fusion-builder-column-2 > .fusion-column-wrapper {padding-top : 0px !important;padding-right : 0px !important;margin-right : 1.92%;padding-bottom : 0px !important;padding-left : 0px !important;margin-left : 1.92%;}@media only screen and (max-width:800px) {.fusion-body .fusion-builder-column-2{width:100% !important;order : 0;}.fusion-builder-column-2 > .fusion-column-wrapper {margin-right : 1.92%;margin-left : 1.92%;}}@media only screen and (max-width:640px) {.fusion-body .fusion-builder-column-2{width:100% !important;order : 0;}.fusion-builder-column-2 > .fusion-column-wrapper {margin-right : 1.92%;margin-left : 1.92%;}}<\/style><\/div><\/div><style type=\"text\/css\">.fusion-body .fusion-flex-container.fusion-builder-row-3{ padding-top : 0px;margin-top : 0px;padding-right : 0px;padding-bottom : 0px;margin-bottom : 0px;padding-left : 0px;}<\/style><\/div><\/p>\n","protected":false},"excerpt":{"rendered":"","protected":false},"author":1,"featured_media":0,"parent":0,"menu_order":0,"comment_status":"closed","ping_status":"closed","template":"100-width.php","meta":{"footnotes":""},"class_list":["post-6790","page","type-page","status-publish","hentry"],"_links":{"self":[{"href":"https:\/\/dopak.pl\/de\/wp-json\/wp\/v2\/pages\/6790","targetHints":{"allow":["GET"]}}],"collection":[{"href":"https:\/\/dopak.pl\/de\/wp-json\/wp\/v2\/pages"}],"about":[{"href":"https:\/\/dopak.pl\/de\/wp-json\/wp\/v2\/types\/page"}],"author":[{"embeddable":true,"href":"https:\/\/dopak.pl\/de\/wp-json\/wp\/v2\/users\/1"}],"replies":[{"embeddable":true,"href":"https:\/\/dopak.pl\/de\/wp-json\/wp\/v2\/comments?post=6790"}],"version-history":[{"count":1,"href":"https:\/\/dopak.pl\/de\/wp-json\/wp\/v2\/pages\/6790\/revisions"}],"predecessor-version":[{"id":6795,"href":"https:\/\/dopak.pl\/de\/wp-json\/wp\/v2\/pages\/6790\/revisions\/6795"}],"wp:attachment":[{"href":"https:\/\/dopak.pl\/de\/wp-json\/wp\/v2\/media?parent=6790"}],"curies":[{"name":"wp","href":"https:\/\/api.w.org\/{rel}","templated":true}]}}